{"id":2246,"date":"2021-03-05T04:10:28","date_gmt":"2021-03-05T09:10:28","guid":{"rendered":"https:\/\/graneromoving.com\/?page_id=2246"},"modified":"2024-03-01T16:03:19","modified_gmt":"2024-03-01T21:03:19","slug":"brazil-movers","status":"publish","type":"page","link":"https:\/\/graneromoving.com\/es\/brazil-movers\/","title":{"rendered":"Brazil Movers"},"content":{"rendered":"<div class=\"wpb-content-wrapper\"><div data-vc-full-width=\"true\" data-vc-full-width-init=\"false\" data-vc-stretch-content=\"true\" data-vc-parallax=\"1.5\" data-vc-parallax-image=\"https:\/\/graneromoving.com\/wp-content\/uploads\/2020\/05\/map-miami.jpg.png\" class=\"vc_row wpb_row vc_row-fluid vc_row-has-fill vc_row-no-padding vc_general vc_parallax vc_parallax-content-moving\"><div class=\"wpb_column vc_column_container vc_col-sm-12\"><div class=\"vc_column-inner\"><div class=\"wpb_wrapper\"><div class=\"vc_empty_space\"   style=\"height: 64px\"><span class=\"vc_empty_space_inner\"><\/span><\/div>\n\t<div class=\"wpb_text_column wpb_content_element\" >\n\t\t<div class=\"wpb_wrapper\">\n\t\t\t<h4 style=\"text-align: center;\">Brazil Movers<\/h4>\n\n\t\t<\/div>\n\t<\/div>\n<div class=\"vc_empty_space\"   style=\"height: 32px\"><span class=\"vc_empty_space_inner\"><\/span><\/div><\/div><\/div><\/div><\/div><div class=\"vc_row-full-width vc_clearfix\"><\/div><!-- Row Backgrounds --><div class=\"upb_color\" data-bg-override=\"0\" data-bg-color=\"rgba(0,0,0,0.6)\" data-fadeout=\"\" data-fadeout-percentage=\"30\" data-parallax-content=\"\" data-parallax-content-sense=\"30\" data-row-effect-mobile-disable=\"true\" data-img-parallax-mobile-disable=\"true\" data-rtl=\"false\"  data-custom-vc-row=\"\"  data-vc=\"8.7.2\"  data-is_old_vc=\"\"  data-theme-support=\"\"   data-overlay=\"false\" data-overlay-color=\"\" data-overlay-pattern=\"\" data-overlay-pattern-opacity=\"\" data-overlay-pattern-size=\"\"    ><\/div><div class=\"vc_row wpb_row vc_row-fluid container\"><div class=\"wpb_column vc_column_container vc_col-sm-3\"><div class=\"vc_column-inner\"><div class=\"wpb_wrapper\"><\/div><\/div><\/div><div class=\"wpb_column vc_column_container vc_col-sm-9\"><div class=\"vc_column-inner\"><div class=\"wpb_wrapper\"><div class=\"vc_empty_space\"   style=\"height: 32px\"><span class=\"vc_empty_space_inner\"><\/span><\/div>\n\t<div class=\"wpb_text_column wpb_content_element\" >\n\t\t<div class=\"wpb_wrapper\">\n\t\t\t<h3>Granero Moving est\u00e1 especializada en mudanzas a Brasil.<\/h3>\n<p>Granero Moving has been providing full relocation assistance to individuals, families, &amp; businesses moving to Brazil since the company\u2019s inception. At Granero, we know how stressful relocation can be, especially when it involves leaving the country. Our goal is to ensure your move is as seamless as possible.<\/p>\n<p>Granero tiene una red de recursos y socios de mudanzas para asegurarse de que su mudanza sea f\u00e1cil, eficiente y asequible. Con un equipo dedicado de especialistas que conocen las tuercas y tornillos de la mudanza internacional, nos enorgullecemos de ofrecer una experiencia consistente y confiable a todos nuestros clientes. Queremos que pueda centrarse en su destino mientras nuestro equipo se ocupa de todo lo dem\u00e1s.<br \/>\nAdem\u00e1s de embalaje y transporte, Granero tambi\u00e9n se especializa en almacenamiento y soluciones log\u00edsticas para clientes que necesitan exportar carga general y productos de EE. UU.<\/p>\n<p><strong>C\u00f3mo funciona:<\/strong><\/p>\n<p>Si decide que Granero es el servicio de mudanzas adecuado para usted, uno de nuestros especialistas en mudanzas internacionales coordinar\u00e1 las fechas de embalaje y mudanza y le ayudar\u00e1 con el papeleo de aduanas. El d\u00eda de la mudanza, uno de nuestros equipos de mudanzas internacionales embalar\u00e1 y cargar\u00e1 cuidadosamente todas sus pertenencias para asegurarse de que todo est\u00e1 protegido. A partir de ah\u00ed, organizaremos los requisitos de transporte internacional, el despacho de aduanas y, por \u00faltimo, el transporte y la entrega en Brasil.<\/p>\n<p>Granero Moving es plenamente consciente de las complejidades log\u00edsticas de las mudanzas internacionales. Nuestro personal totalmente capacitado est\u00e1 listo para ayudar en cada paso del proceso. Si desea un presupuesto gratuito o tiene alguna pregunta o preocupaci\u00f3n, no dude en ponerse en contacto con nuestro equipo. 305.771.0801. Esperamos con inter\u00e9s trabajar con usted, y asegurarse de que llegue a Brasil con facilidad.<\/p>\n\n\t\t<\/div>\n\t<\/div>\n<div class=\"load-more\">    \r\n <div  style=\"text-align:center\">\r\n    <a href=\"https:\/\/graneromoving.com\/es\/moving-services-contact-us\/\" class=\"button    type1\">\r\n   <span>\r\n    <span>Obt\u00e9n tu cotizaci\u00f3n<\/span>\r\n    <span>Obt\u00e9n tu cotizaci\u00f3n<\/span>\r\n   <\/span>\r\n  <\/a>\r\n <\/div>\r\n<\/div>\n<div class=\"vc_empty_space\"   style=\"height: 32px\"><span class=\"vc_empty_space_inner\"><\/span><\/div>\r\n\r\n\t\t\t<div class=\"wpb_single_image wpb_content_element vc_align_center\">\r\n\t\t\t\t\r\n\t\t\t\t\t<figure class=\"wpb_wrapper vc_figure item_img\">\r\n\t\t\t\t\t\t<div class=\"vc_single_image-wrapper   vc_box_border_grey\"><img loading=\"lazy\" decoding=\"async\" width=\"750\" height=\"480\" src=\"https:\/\/graneromoving.com\/wp-content\/uploads\/2022\/03\/braz.jpg\" class=\"vc_single_image-img attachment-full\" alt=\"\" title=\"braz\" \/><\/div>\r\n\t\t\t\t\t<\/figure>\r\n\t\t\t<\/div>\r\n<\/div><\/div><\/div><\/div>\n<\/div>","protected":false},"excerpt":{"rendered":"Brazil Movers Granero Moving specializes in moves to Brazil. Granero Moving has been providing full relocation assistance to individuals, families, &amp; businesses moving to Brazil since the company\u2019s inception. At Granero, we know how stressful relocation can be, especially when it involves leaving the country. Our goal is to ensure your move is as seamless.","protected":false},"author":7,"featured_media":0,"parent":0,"menu_order":0,"comment_status":"closed","ping_status":"closed","template":"","meta":{"_joinchat":[],"footnotes":""},"class_list":["post-2246","page","type-page","status-publish","hentry"],"yoast_head":"<!-- This site is optimized with the Yoast SEO plugin v27.4 - https:\/\/yoast.com\/product\/yoast-seo-wordpress\/ -->\n<title>Brazil Movers | Relocation Services Brazil | Moves To &amp; From Brazil<\/title>\n<meta name=\"description\" content=\"We specialize in moving to and from Brazil &amp; we provide full relocation assistance to individuals, families, &amp; businesses. Call (305) 771-0801!\" \/>\n<meta name=\"robots\" content=\"index, follow, max-snippet:-1, max-image-preview:large, max-video-preview:-1\" \/>\n<link rel=\"canonical\" href=\"https:\/\/graneromoving.com\/es\/brazil-movers\/\" \/>\n<meta property=\"og:locale\" content=\"es_ES\" \/>\n<meta property=\"og:type\" content=\"article\" \/>\n<meta property=\"og:title\" content=\"Brazil Movers | Relocation Services Brazil | Moves To &amp; From Brazil\" \/>\n<meta property=\"og:description\" content=\"We specialize in moving to and from Brazil &amp; we provide full relocation assistance to individuals, families, &amp; businesses. Call (305) 771-0801!\" \/>\n<meta property=\"og:url\" content=\"https:\/\/graneromoving.com\/es\/brazil-movers\/\" \/>\n<meta property=\"og:site_name\" content=\"Granero Moving\" \/>\n<meta property=\"article:modified_time\" content=\"2024-03-01T21:03:19+00:00\" \/>\n<meta name=\"twitter:card\" content=\"summary_large_image\" \/>\n<meta name=\"twitter:label1\" content=\"Tiempo de lectura\" \/>\n\t<meta name=\"twitter:data1\" content=\"2 minutos\" \/>\n<script type=\"application\/ld+json\" class=\"yoast-schema-graph\">{\"@context\":\"https:\\\/\\\/schema.org\",\"@graph\":[{\"@type\":\"WebPage\",\"@id\":\"https:\\\/\\\/graneromoving.com\\\/brazil-movers\\\/\",\"url\":\"https:\\\/\\\/graneromoving.com\\\/brazil-movers\\\/\",\"name\":\"Brazil Movers | Relocation Services Brazil | Moves To & From Brazil\",\"isPartOf\":{\"@id\":\"https:\\\/\\\/graneromoving.com\\\/#website\"},\"datePublished\":\"2021-03-05T09:10:28+00:00\",\"dateModified\":\"2024-03-01T21:03:19+00:00\",\"description\":\"We specialize in moving to and from Brazil & we provide full relocation assistance to individuals, families, & businesses. Call (305) 771-0801!\",\"breadcrumb\":{\"@id\":\"https:\\\/\\\/graneromoving.com\\\/brazil-movers\\\/#breadcrumb\"},\"inLanguage\":\"es\",\"potentialAction\":[{\"@type\":\"ReadAction\",\"target\":[\"https:\\\/\\\/graneromoving.com\\\/brazil-movers\\\/\"]}]},{\"@type\":\"BreadcrumbList\",\"@id\":\"https:\\\/\\\/graneromoving.com\\\/brazil-movers\\\/#breadcrumb\",\"itemListElement\":[{\"@type\":\"ListItem\",\"position\":1,\"name\":\"Home\",\"item\":\"https:\\\/\\\/graneromoving.com\\\/\"},{\"@type\":\"ListItem\",\"position\":2,\"name\":\"Brazil Movers\"}]},{\"@type\":\"WebSite\",\"@id\":\"https:\\\/\\\/graneromoving.com\\\/#website\",\"url\":\"https:\\\/\\\/graneromoving.com\\\/\",\"name\":\"Granero Moving\",\"description\":\"Quality Services in Seattle and South Florida\",\"potentialAction\":[{\"@type\":\"SearchAction\",\"target\":{\"@type\":\"EntryPoint\",\"urlTemplate\":\"https:\\\/\\\/graneromoving.com\\\/?s={search_term_string}\"},\"query-input\":{\"@type\":\"PropertyValueSpecification\",\"valueRequired\":true,\"valueName\":\"search_term_string\"}}],\"inLanguage\":\"es\"}]}<\/script>\n<!-- \/ Yoast SEO plugin. -->","yoast_head_json":{"title":"Brazil Movers | Relocation Services Brazil | Moves To & From Brazil","description":"We specialize in moving to and from Brazil & we provide full relocation assistance to individuals, families, & businesses. Call (305) 771-0801!","robots":{"index":"index","follow":"follow","max-snippet":"max-snippet:-1","max-image-preview":"max-image-preview:large","max-video-preview":"max-video-preview:-1"},"canonical":"https:\/\/graneromoving.com\/es\/brazil-movers\/","og_locale":"es_ES","og_type":"article","og_title":"Brazil Movers | Relocation Services Brazil | Moves To & From Brazil","og_description":"We specialize in moving to and from Brazil & we provide full relocation assistance to individuals, families, & businesses. Call (305) 771-0801!","og_url":"https:\/\/graneromoving.com\/es\/brazil-movers\/","og_site_name":"Granero Moving","article_modified_time":"2024-03-01T21:03:19+00:00","twitter_card":"summary_large_image","twitter_misc":{"Tiempo de lectura":"2 minutos"},"schema":{"@context":"https:\/\/schema.org","@graph":[{"@type":"WebPage","@id":"https:\/\/graneromoving.com\/brazil-movers\/","url":"https:\/\/graneromoving.com\/brazil-movers\/","name":"Brazil Movers | Relocation Services Brazil | Moves To & From Brazil","isPartOf":{"@id":"https:\/\/graneromoving.com\/#website"},"datePublished":"2021-03-05T09:10:28+00:00","dateModified":"2024-03-01T21:03:19+00:00","description":"We specialize in moving to and from Brazil & we provide full relocation assistance to individuals, families, & businesses. Call (305) 771-0801!","breadcrumb":{"@id":"https:\/\/graneromoving.com\/brazil-movers\/#breadcrumb"},"inLanguage":"es","potentialAction":[{"@type":"ReadAction","target":["https:\/\/graneromoving.com\/brazil-movers\/"]}]},{"@type":"BreadcrumbList","@id":"https:\/\/graneromoving.com\/brazil-movers\/#breadcrumb","itemListElement":[{"@type":"ListItem","position":1,"name":"Home","item":"https:\/\/graneromoving.com\/"},{"@type":"ListItem","position":2,"name":"Brazil Movers"}]},{"@type":"WebSite","@id":"https:\/\/graneromoving.com\/#website","url":"https:\/\/graneromoving.com\/","name":"Granero Moving","description":"Servicios de calidad en Seattle y en el Sur de la Florida","potentialAction":[{"@type":"SearchAction","target":{"@type":"EntryPoint","urlTemplate":"https:\/\/graneromoving.com\/?s={search_term_string}"},"query-input":{"@type":"PropertyValueSpecification","valueRequired":true,"valueName":"search_term_string"}}],"inLanguage":"es"}]}},"_links":{"self":[{"href":"https:\/\/graneromoving.com\/es\/wp-json\/wp\/v2\/pages\/2246","targetHints":{"allow":["GET"]}}],"collection":[{"href":"https:\/\/graneromoving.com\/es\/wp-json\/wp\/v2\/pages"}],"about":[{"href":"https:\/\/graneromoving.com\/es\/wp-json\/wp\/v2\/types\/page"}],"author":[{"embeddable":true,"href":"https:\/\/graneromoving.com\/es\/wp-json\/wp\/v2\/users\/7"}],"replies":[{"embeddable":true,"href":"https:\/\/graneromoving.com\/es\/wp-json\/wp\/v2\/comments?post=2246"}],"version-history":[{"count":9,"href":"https:\/\/graneromoving.com\/es\/wp-json\/wp\/v2\/pages\/2246\/revisions"}],"predecessor-version":[{"id":7543,"href":"https:\/\/graneromoving.com\/es\/wp-json\/wp\/v2\/pages\/2246\/revisions\/7543"}],"wp:attachment":[{"href":"https:\/\/graneromoving.com\/es\/wp-json\/wp\/v2\/media?parent=2246"}],"curies":[{"name":"wp","href":"https:\/\/api.w.org\/{rel}","templated":true}]}}