{"id":73,"date":"2020-04-26T14:58:42","date_gmt":"2020-04-26T14:58:42","guid":{"rendered":"https:\/\/graneromoving.com\/?page_id=73"},"modified":"2024-03-01T16:39:45","modified_gmt":"2024-03-01T21:39:45","slug":"office-moving","status":"publish","type":"page","link":"https:\/\/graneromoving.com\/es\/office-moving\/","title":{"rendered":"Employees Relocation and Office Moving | Granero Moving"},"content":{"rendered":"<div class=\"wpb-content-wrapper\"><div data-vc-full-width=\"true\" data-vc-full-width-init=\"false\" data-vc-stretch-content=\"true\" data-vc-parallax=\"1.5\" data-vc-parallax-image=\"https:\/\/graneromoving.com\/wp-content\/uploads\/2020\/05\/map-miami.jpg.png\" class=\"vc_row wpb_row vc_row-fluid vc_row-has-fill vc_row-no-padding vc_general vc_parallax vc_parallax-content-moving\"><div class=\"wpb_column vc_column_container vc_col-sm-12\"><div class=\"vc_column-inner\"><div class=\"wpb_wrapper\"><div class=\"vc_empty_space\"   style=\"height: 32px\"><span class=\"vc_empty_space_inner\"><\/span><\/div>\n\t<div class=\"wpb_text_column wpb_content_element\" >\n\t\t<div class=\"wpb_wrapper\">\n\t\t\t<h4 style=\"text-align: center;\">Mudanza Comercial<\/h4>\n\n\t\t<\/div>\n\t<\/div>\n<div class=\"vc_empty_space\"   style=\"height: 32px\"><span class=\"vc_empty_space_inner\"><\/span><\/div><\/div><\/div><\/div><\/div><div class=\"vc_row-full-width vc_clearfix\"><\/div><!-- Row Backgrounds --><div class=\"upb_color\" data-bg-override=\"0\" data-bg-color=\"rgba(0,0,0,0.6)\" data-fadeout=\"\" data-fadeout-percentage=\"30\" data-parallax-content=\"\" data-parallax-content-sense=\"30\" data-row-effect-mobile-disable=\"true\" data-img-parallax-mobile-disable=\"true\" data-rtl=\"false\"  data-custom-vc-row=\"\"  data-vc=\"8.7.2\"  data-is_old_vc=\"\"  data-theme-support=\"\"   data-overlay=\"false\" data-overlay-color=\"\" data-overlay-pattern=\"\" data-overlay-pattern-opacity=\"\" data-overlay-pattern-size=\"\"    ><\/div><div class=\"vc_row wpb_row vc_row-fluid vc_custom_1589413906303\"><div class=\"wpb_column vc_column_container vc_col-sm-12\"><div class=\"vc_column-inner\"><div class=\"wpb_wrapper\">\n\t<div class=\"wpb_text_column wpb_content_element\" >\n\t\t<div class=\"wpb_wrapper\">\n\t\t\t<p style=\"text-align: center;\"><strong style=\"font-size: 24px;\">Granero Moving is the preferred choice of American companies for their office relocation needs, as well as for the relocation of their employees.<\/strong><\/p>\n\n\t\t<\/div>\n\t<\/div>\n<\/div><\/div><\/div><\/div><div class=\"vc_row wpb_row vc_row-fluid vc_custom_1590013994556 vc_row-has-fill\"><div class=\"wpb_column vc_column_container vc_col-sm-6\"><div class=\"vc_column-inner\"><div class=\"wpb_wrapper\"><div class=\"vc_empty_space\"   style=\"height: 20px\"><span class=\"vc_empty_space_inner\"><\/span><\/div><h2 style=\"font-size: 22px;color: #333333;text-align: left\" class=\"vc_custom_heading vc_custom_1709329184403 main_title\">Corporate Moving Services<\/h2>\n\t<div class=\"wpb_text_column wpb_content_element vc_custom_1709328964122\" >\n\t\t<div class=\"wpb_wrapper\">\n\t\t\t<p>In response to evolving workplace dynamics, many businesses are embracing telecommuting and reorganizing office spaces. Granero Moving understands these changing needs and specializes in office relocations and the seamless transition of employees relocating internationally. Whether it&#8217;s adjusting office layouts or facilitating international moves, we&#8217;re committed to providing tailored solutions to support businesses and their employees in their transitions.<\/p>\n<p>Granero Moving est\u00e1 lista para ayudarlo a reanudar sus actividades comerciales con los siguientes servicios:<\/p>\n<ul>\n<li>Employees and theri families Relocation<\/li>\n<li>Reconfiguraci\u00f3n de espacios de oficinas.<\/li>\n<li>Entrega de materiales de embalaje y cajas de cart\u00f3n.<\/li>\n<li>Servicios de transporte desde el hogar al trabajo y viceversa.<\/li>\n<li>Configuraci\u00f3n y organizaci\u00f3n de oficinas en el hogar.<\/li>\n<li>Entrega de nuevos equipos.<\/li>\n<\/ul>\n\n\t\t<\/div>\n\t<\/div>\n<div class=\"vc_row wpb_row vc_inner vc_row-fluid vc_custom_1589414093961\"><div class=\"wpb_column vc_column_container vc_col-sm-12\"><div class=\"vc_column-inner\"><div class=\"wpb_wrapper\"><div class=\"load-more\">    \r\n <div  style=\"text-align:left\">\r\n    <a href=\"https:\/\/graneromoving.com\/es\/moving-services-contact-us\/\" class=\"button    type2\">\r\n   <span>\r\n    <span>Solicite una cotizaci\u00f3n gratis<\/span>\r\n    <span>Solicite una cotizaci\u00f3n gratis<\/span>\r\n   <\/span>\r\n  <\/a>\r\n <\/div>\r\n<\/div>\n<\/div><\/div><\/div><\/div><div class=\"vc_empty_space\"   style=\"height: 50px\"><span class=\"vc_empty_space_inner\"><\/span><\/div><\/div><\/div><\/div><div class=\"wpb_column vc_column_container vc_col-sm-6\"><div class=\"vc_column-inner\"><div class=\"wpb_wrapper\">\r\n\r\n\t\t\t<div class=\"wpb_single_image wpb_content_element vc_align_left\">\r\n\t\t\t\t\r\n\t\t\t\t\t<figure class=\"wpb_wrapper vc_figure item_img\">\r\n\t\t\t\t\t\t<div class=\"vc_single_image-wrapper   vc_box_border_grey\"><img loading=\"lazy\" decoding=\"async\" width=\"800\" height=\"600\" src=\"https:\/\/graneromoving.com\/wp-content\/uploads\/2020\/05\/social-distancing.jpg\" class=\"vc_single_image-img attachment-full\" alt=\"\" title=\"social-distancing\" \/><\/div>\r\n\t\t\t\t\t<\/figure>\r\n\t\t\t<\/div>\r\n<\/div><\/div><\/div><\/div><div class=\"vc_row wpb_row vc_row-fluid\"><div class=\"wpb_column vc_column_container vc_col-sm-6\"><div class=\"vc_column-inner\"><div class=\"wpb_wrapper\"><div class=\"vc_empty_space\"   style=\"height: 25px\"><span class=\"vc_empty_space_inner\"><\/span><\/div><h2 style=\"font-size: 22px;color: #333333;text-align: left\" class=\"vc_custom_heading vc_custom_1590014083171 main_title\">Mudanza Comercial<\/h2>\n\t<div class=\"wpb_text_column wpb_content_element vc_custom_1670853017565\" >\n\t\t<div class=\"wpb_wrapper\">\n\t\t\t<p>We are a\u00a0full-service office moving company offering a full range of services to have your business up and running in your new location and minimizing loss of productivity.<\/p>\n<p>A successful office relocation requires excellent planning.\u00a0 When you are ready to get a quote, call Granero Moving to get an accurate cost estimate for the project.\u00a0 Granero Moving will assign a Project Manager to meet with you to understand the scope and build our services around your needs.\u00a0 Our menu of services includes On-Site Supervision, Crate Rental, Workstation Disassembly and Reassembly, Asset Inventory Control, Warehousing and Records Storage, and Office Furniture Decommissioning.<\/p>\n<p>At Granero Moving, our trained commercial moving teams have extensive experience performing commercial moves of all kinds, from tradeshow exhibits and hotel\u00a0furniture to medical offices and major corporate moves.<\/p>\n<p>Para m\u00e1s informaci\u00f3n o para solicitar un presupuesto, rellene nuestro r\u00e1pido y sencillo formulario de presupuesto online ahora mismo. Granero Moving son los especialistas de reubicaci\u00f3n de negocios que las empresas de Seattle dependen de un servicio superior.<\/p>\n\n\t\t<\/div>\n\t<\/div>\n<div class=\"vc_row wpb_row vc_inner vc_row-fluid vc_custom_1589414093961\"><div class=\"wpb_column vc_column_container vc_col-sm-12\"><div class=\"vc_column-inner\"><div class=\"wpb_wrapper\"><div class=\"load-more\">    \r\n <div  style=\"text-align:left\">\r\n    <a href=\"https:\/\/graneromoving.com\/es\/moving-services-contact-us\/\" class=\"button    type2\">\r\n   <span>\r\n    <span>Solicite una cotizaci\u00f3n gratis<\/span>\r\n    <span>Solicite una cotizaci\u00f3n gratis<\/span>\r\n   <\/span>\r\n  <\/a>\r\n <\/div>\r\n<\/div>\n<\/div><\/div><\/div><\/div><div class=\"vc_empty_space\"   style=\"height: 50px\"><span class=\"vc_empty_space_inner\"><\/span><\/div><\/div><\/div><\/div><div class=\"wpb_column vc_column_container vc_col-sm-6\"><div class=\"vc_column-inner\"><div class=\"wpb_wrapper\">\r\n\r\n\t\t\t<div class=\"wpb_single_image wpb_content_element vc_align_left\">\r\n\t\t\t\t\r\n\t\t\t\t\t<figure class=\"wpb_wrapper vc_figure item_img\">\r\n\t\t\t\t\t\t<div class=\"vc_single_image-wrapper   vc_box_border_grey\"><img loading=\"lazy\" decoding=\"async\" width=\"1308\" height=\"899\" src=\"https:\/\/graneromoving.com\/wp-content\/uploads\/2020\/05\/office-moving2.jpg\" class=\"vc_single_image-img attachment-full\" alt=\"\" title=\"office-moving2\" \/><\/div>\r\n\t\t\t\t\t<\/figure>\r\n\t\t\t<\/div>\r\n<\/div><\/div><\/div><\/div>\n<\/div>","protected":false},"excerpt":{"rendered":"Office Moving Granero Moving is the preferred choice of American companies for their office relocation needs, as well as for the relocation of their employees. Corporate Moving Services In response to evolving workplace dynamics, many businesses are embracing telecommuting and reorganizing office spaces. Granero Moving understands these changing needs and specializes in office relocations and.","protected":false},"author":7,"featured_media":0,"parent":0,"menu_order":0,"comment_status":"closed","ping_status":"closed","template":"","meta":{"_joinchat":[],"footnotes":""},"class_list":["post-73","page","type-page","status-publish","hentry"],"yoast_head":"<!-- This site is optimized with the Yoast SEO plugin v27.4 - https:\/\/yoast.com\/product\/yoast-seo-wordpress\/ -->\n<title>Employees relocation, office movers | Corporate Moving Company<\/title>\n<meta name=\"description\" content=\"Granero Moving is the best company to choose for your office and your employees moving needs in the United States. Get in touch with our movers!\" \/>\n<meta name=\"robots\" content=\"index, follow, max-snippet:-1, max-image-preview:large, max-video-preview:-1\" \/>\n<link rel=\"canonical\" href=\"https:\/\/graneromoving.com\/es\/office-moving\/\" \/>\n<meta property=\"og:locale\" content=\"es_ES\" \/>\n<meta property=\"og:type\" content=\"article\" \/>\n<meta property=\"og:title\" content=\"Employees relocation, office movers | Corporate Moving Company\" \/>\n<meta property=\"og:description\" content=\"Granero Moving is the best company to choose for your office and your employees moving needs in the United States. Get in touch with our movers!\" \/>\n<meta property=\"og:url\" content=\"https:\/\/graneromoving.com\/es\/office-moving\/\" \/>\n<meta property=\"og:site_name\" content=\"Granero Moving\" \/>\n<meta property=\"article:modified_time\" content=\"2024-03-01T21:39:45+00:00\" \/>\n<meta name=\"twitter:card\" content=\"summary_large_image\" \/>\n<meta name=\"twitter:label1\" content=\"Tiempo de lectura\" \/>\n\t<meta name=\"twitter:data1\" content=\"3 minutos\" \/>\n<script type=\"application\/ld+json\" class=\"yoast-schema-graph\">{\"@context\":\"https:\\\/\\\/schema.org\",\"@graph\":[{\"@type\":\"WebPage\",\"@id\":\"https:\\\/\\\/graneromoving.com\\\/office-moving\\\/\",\"url\":\"https:\\\/\\\/graneromoving.com\\\/office-moving\\\/\",\"name\":\"Employees relocation, office movers | Corporate Moving Company\",\"isPartOf\":{\"@id\":\"https:\\\/\\\/graneromoving.com\\\/#website\"},\"datePublished\":\"2020-04-26T14:58:42+00:00\",\"dateModified\":\"2024-03-01T21:39:45+00:00\",\"description\":\"Granero Moving is the best company to choose for your office and your employees moving needs in the United States. Get in touch with our movers!\",\"breadcrumb\":{\"@id\":\"https:\\\/\\\/graneromoving.com\\\/office-moving\\\/#breadcrumb\"},\"inLanguage\":\"es\",\"potentialAction\":[{\"@type\":\"ReadAction\",\"target\":[\"https:\\\/\\\/graneromoving.com\\\/office-moving\\\/\"]}]},{\"@type\":\"BreadcrumbList\",\"@id\":\"https:\\\/\\\/graneromoving.com\\\/office-moving\\\/#breadcrumb\",\"itemListElement\":[{\"@type\":\"ListItem\",\"position\":1,\"name\":\"Home\",\"item\":\"https:\\\/\\\/graneromoving.com\\\/\"},{\"@type\":\"ListItem\",\"position\":2,\"name\":\"Employees Relocation and Office Moving | Granero Moving\"}]},{\"@type\":\"WebSite\",\"@id\":\"https:\\\/\\\/graneromoving.com\\\/#website\",\"url\":\"https:\\\/\\\/graneromoving.com\\\/\",\"name\":\"Granero Moving\",\"description\":\"Quality Services in Seattle and South Florida\",\"potentialAction\":[{\"@type\":\"SearchAction\",\"target\":{\"@type\":\"EntryPoint\",\"urlTemplate\":\"https:\\\/\\\/graneromoving.com\\\/?s={search_term_string}\"},\"query-input\":{\"@type\":\"PropertyValueSpecification\",\"valueRequired\":true,\"valueName\":\"search_term_string\"}}],\"inLanguage\":\"es\"}]}<\/script>\n<!-- \/ Yoast SEO plugin. -->","yoast_head_json":{"title":"Employees relocation, office movers | Corporate Moving Company","description":"Granero Moving is the best company to choose for your office and your employees moving needs in the United States. Get in touch with our movers!","robots":{"index":"index","follow":"follow","max-snippet":"max-snippet:-1","max-image-preview":"max-image-preview:large","max-video-preview":"max-video-preview:-1"},"canonical":"https:\/\/graneromoving.com\/es\/office-moving\/","og_locale":"es_ES","og_type":"article","og_title":"Employees relocation, office movers | Corporate Moving Company","og_description":"Granero Moving is the best company to choose for your office and your employees moving needs in the United States. Get in touch with our movers!","og_url":"https:\/\/graneromoving.com\/es\/office-moving\/","og_site_name":"Granero Moving","article_modified_time":"2024-03-01T21:39:45+00:00","twitter_card":"summary_large_image","twitter_misc":{"Tiempo de lectura":"3 minutos"},"schema":{"@context":"https:\/\/schema.org","@graph":[{"@type":"WebPage","@id":"https:\/\/graneromoving.com\/office-moving\/","url":"https:\/\/graneromoving.com\/office-moving\/","name":"Employees relocation, office movers | Corporate Moving Company","isPartOf":{"@id":"https:\/\/graneromoving.com\/#website"},"datePublished":"2020-04-26T14:58:42+00:00","dateModified":"2024-03-01T21:39:45+00:00","description":"Granero Moving is the best company to choose for your office and your employees moving needs in the United States. Get in touch with our movers!","breadcrumb":{"@id":"https:\/\/graneromoving.com\/office-moving\/#breadcrumb"},"inLanguage":"es","potentialAction":[{"@type":"ReadAction","target":["https:\/\/graneromoving.com\/office-moving\/"]}]},{"@type":"BreadcrumbList","@id":"https:\/\/graneromoving.com\/office-moving\/#breadcrumb","itemListElement":[{"@type":"ListItem","position":1,"name":"Home","item":"https:\/\/graneromoving.com\/"},{"@type":"ListItem","position":2,"name":"Employees Relocation and Office Moving | Granero Moving"}]},{"@type":"WebSite","@id":"https:\/\/graneromoving.com\/#website","url":"https:\/\/graneromoving.com\/","name":"Granero Moving","description":"Servicios de calidad en Seattle y en el Sur de la Florida","potentialAction":[{"@type":"SearchAction","target":{"@type":"EntryPoint","urlTemplate":"https:\/\/graneromoving.com\/?s={search_term_string}"},"query-input":{"@type":"PropertyValueSpecification","valueRequired":true,"valueName":"search_term_string"}}],"inLanguage":"es"}]}},"_links":{"self":[{"href":"https:\/\/graneromoving.com\/es\/wp-json\/wp\/v2\/pages\/73","targetHints":{"allow":["GET"]}}],"collection":[{"href":"https:\/\/graneromoving.com\/es\/wp-json\/wp\/v2\/pages"}],"about":[{"href":"https:\/\/graneromoving.com\/es\/wp-json\/wp\/v2\/types\/page"}],"author":[{"embeddable":true,"href":"https:\/\/graneromoving.com\/es\/wp-json\/wp\/v2\/users\/7"}],"replies":[{"embeddable":true,"href":"https:\/\/graneromoving.com\/es\/wp-json\/wp\/v2\/comments?post=73"}],"version-history":[{"count":12,"href":"https:\/\/graneromoving.com\/es\/wp-json\/wp\/v2\/pages\/73\/revisions"}],"predecessor-version":[{"id":7546,"href":"https:\/\/graneromoving.com\/es\/wp-json\/wp\/v2\/pages\/73\/revisions\/7546"}],"wp:attachment":[{"href":"https:\/\/graneromoving.com\/es\/wp-json\/wp\/v2\/media?parent=73"}],"curies":[{"name":"wp","href":"https:\/\/api.w.org\/{rel}","templated":true}]}}