{"id":77,"date":"2020-04-26T14:59:21","date_gmt":"2020-04-26T14:59:21","guid":{"rendered":"https:\/\/graneromoving.com\/?page_id=77"},"modified":"2024-03-04T14:12:00","modified_gmt":"2024-03-04T19:12:00","slug":"logistics","status":"publish","type":"page","link":"https:\/\/graneromoving.com\/es\/logistics\/","title":{"rendered":"Log\u00edstica"},"content":{"rendered":"<div class=\"wpb-content-wrapper\"><div data-vc-full-width=\"true\" data-vc-full-width-init=\"false\" data-vc-stretch-content=\"true\" data-vc-parallax=\"1.5\" data-vc-parallax-image=\"https:\/\/graneromoving.com\/wp-content\/uploads\/2020\/05\/map-miami.jpg.png\" class=\"vc_row wpb_row vc_row-fluid vc_row-has-fill vc_row-no-padding vc_general vc_parallax vc_parallax-content-moving\"><div class=\"wpb_column vc_column_container vc_col-sm-12\"><div class=\"vc_column-inner\"><div class=\"wpb_wrapper\"><div class=\"vc_empty_space\"   style=\"height: 32px\"><span class=\"vc_empty_space_inner\"><\/span><\/div>\n\t<div class=\"wpb_text_column wpb_content_element\" >\n\t\t<div class=\"wpb_wrapper\">\n\t\t\t<h4 style=\"text-align: center;\">Log\u00edstica<\/h4>\n\n\t\t<\/div>\n\t<\/div>\n<div class=\"vc_empty_space\"   style=\"height: 32px\"><span class=\"vc_empty_space_inner\"><\/span><\/div><\/div><\/div><\/div><\/div><div class=\"vc_row-full-width vc_clearfix\"><\/div><!-- Row Backgrounds --><div class=\"upb_color\" data-bg-override=\"0\" data-bg-color=\"rgba(0,0,0,0.6)\" data-fadeout=\"\" data-fadeout-percentage=\"30\" data-parallax-content=\"\" data-parallax-content-sense=\"30\" data-row-effect-mobile-disable=\"true\" data-img-parallax-mobile-disable=\"true\" data-rtl=\"false\"  data-custom-vc-row=\"\"  data-vc=\"8.7.2\"  data-is_old_vc=\"\"  data-theme-support=\"\"   data-overlay=\"false\" data-overlay-color=\"\" data-overlay-pattern=\"\" data-overlay-pattern-opacity=\"\" data-overlay-pattern-size=\"\"    ><\/div><div class=\"vc_row wpb_row vc_row-fluid vc_custom_1589414964534\"><div class=\"wpb_column vc_column_container vc_col-sm-12\"><div class=\"vc_column-inner\"><div class=\"wpb_wrapper\">\n\t<div class=\"wpb_text_column wpb_content_element\" >\n\t\t<div class=\"wpb_wrapper\">\n\t\t\t<p style=\"text-align: center;\"><strong style=\"font-size: 24px;\">Granero ayuda a las peque\u00f1as y medianas empresas que necesitan servicios log\u00edsticos de calidad, un control exhaustivo de los costos y un excelente servicio al cliente.\u00a0<\/strong><\/p>\n\n\t\t<\/div>\n\t<\/div>\n<\/div><\/div><\/div><\/div><div class=\"vc_row wpb_row vc_row-fluid vc_custom_1589414942772 vc_row-has-fill\"><div class=\"wpb_column vc_column_container vc_col-sm-6\"><div class=\"vc_column-inner\"><div class=\"wpb_wrapper\"><div class=\"vc_row wpb_row vc_inner vc_row-fluid vc_custom_1589415044232\"><div class=\"wpb_column vc_column_container vc_col-sm-12\"><div class=\"vc_column-inner\"><div class=\"wpb_wrapper\"><div class=\"vc_empty_space\"   style=\"height: 32px\"><span class=\"vc_empty_space_inner\"><\/span><\/div>\n\t<div class=\"wpb_text_column wpb_content_element\" >\n\t\t<div class=\"wpb_wrapper\">\n\t\t\t<p>Nos especializamos en servicios de transporte y almacenamiento para clientes en los sectores de Hospitalidad, Venta minorista, Atenci\u00f3n m\u00e9dica, Suministros de oficina y Entrega residencial, optimizando su cadena de suministro y reduciendo su inventario.<\/p>\n<p>At Granero Moving, our logistics team have the experience of handling contracts of all kinds including tradeshow exhibits, hotel\u00a0furniture, medical equipment and everything in between. \u00a0Whether you need products delivered across town, across the country, or overseas, you can rely on the logistics specialists and trusted interstate shipping partners at Granero Moving.<\/p>\n<p>Desde veh\u00edculos para el transporte a\u00e9reo de carga fraccionada y dedicada (LTL y FTL) hasta tecnolog\u00eda de control de inventario basada en la nube, ponga nuestros recursos a trabajar para usted.<\/p>\n\n\t\t<\/div>\n\t<\/div>\n<div class=\"load-more\">    \r\n <div  style=\"text-align:left\">\r\n    <a href=\"https:\/\/graneromoving.com\/es\/moving-services-contact-us\/\" class=\"button    type2\">\r\n   <span>\r\n    <span>Solicite una cotizaci\u00f3n gratis<\/span>\r\n    <span>Solicite una cotizaci\u00f3n gratis<\/span>\r\n   <\/span>\r\n  <\/a>\r\n <\/div>\r\n<\/div>\n<\/div><\/div><\/div><\/div><\/div><\/div><\/div><div class=\"wpb_column vc_column_container vc_col-sm-6\"><div class=\"vc_column-inner\"><div class=\"wpb_wrapper\">\r\n\r\n\t\t\t<div class=\"wpb_single_image wpb_content_element vc_align_left\">\r\n\t\t\t\t\r\n\t\t\t\t\t<figure class=\"wpb_wrapper vc_figure item_img\">\r\n\t\t\t\t\t\t<div class=\"vc_single_image-wrapper   vc_box_border_grey\"><img loading=\"lazy\" decoding=\"async\" width=\"600\" height=\"600\" src=\"https:\/\/graneromoving.com\/wp-content\/uploads\/2022\/03\/logistics.jpg\" class=\"vc_single_image-img attachment-full\" alt=\"\" title=\"logistics\" \/><\/div>\r\n\t\t\t\t\t<\/figure>\r\n\t\t\t<\/div>\r\n<\/div><\/div><\/div><\/div>\n<\/div>","protected":false},"excerpt":{"rendered":"Logistics Granero Moving helps small to mid-sized companies that need quality logistics services, close control of costs, and great customer service.\u00a0 We specialize in transport and warehousing for Hospitality, Retail, Medical, Office Supplies, and Home Delivery clients, streamlining your supply chain and reducing inventory. At Granero Moving, our logistics team have the experience of handling.","protected":false},"author":7,"featured_media":0,"parent":0,"menu_order":0,"comment_status":"closed","ping_status":"closed","template":"","meta":{"_joinchat":[],"footnotes":""},"class_list":["post-77","page","type-page","status-publish","hentry"],"yoast_head":"<!-- This site is optimized with the Yoast SEO plugin v27.5 - https:\/\/yoast.com\/product\/yoast-seo-wordpress\/ -->\n<title>#1 Logistics Services in the U.S.| Granero Moving<\/title>\n<meta name=\"description\" content=\"Granero Moving helps small to mid-sized companies that need quality logistic services, close control of costs, &amp; great customer service. Call us now!\" \/>\n<meta name=\"robots\" content=\"index, follow, max-snippet:-1, max-image-preview:large, max-video-preview:-1\" \/>\n<link rel=\"canonical\" href=\"https:\/\/graneromoving.com\/es\/logistics\/\" \/>\n<meta property=\"og:locale\" content=\"es_ES\" \/>\n<meta property=\"og:type\" content=\"article\" \/>\n<meta property=\"og:title\" content=\"#1 Logistics Services in the U.S.| Granero Moving\" \/>\n<meta property=\"og:description\" content=\"Granero Moving helps small to mid-sized companies that need quality logistic services, close control of costs, &amp; great customer service. Call us now!\" \/>\n<meta property=\"og:url\" content=\"https:\/\/graneromoving.com\/es\/logistics\/\" \/>\n<meta property=\"og:site_name\" content=\"Granero Moving\" \/>\n<meta property=\"article:modified_time\" content=\"2024-03-04T19:12:00+00:00\" \/>\n<meta name=\"twitter:card\" content=\"summary_large_image\" \/>\n<meta name=\"twitter:label1\" content=\"Tiempo de lectura\" \/>\n\t<meta name=\"twitter:data1\" content=\"1 minuto\" \/>\n<script type=\"application\/ld+json\" class=\"yoast-schema-graph\">{\"@context\":\"https:\\\/\\\/schema.org\",\"@graph\":[{\"@type\":\"WebPage\",\"@id\":\"https:\\\/\\\/graneromoving.com\\\/logistics\\\/\",\"url\":\"https:\\\/\\\/graneromoving.com\\\/logistics\\\/\",\"name\":\"#1 Logistics Services in the U.S.| Granero Moving\",\"isPartOf\":{\"@id\":\"https:\\\/\\\/graneromoving.com\\\/#website\"},\"datePublished\":\"2020-04-26T14:59:21+00:00\",\"dateModified\":\"2024-03-04T19:12:00+00:00\",\"description\":\"Granero Moving helps small to mid-sized companies that need quality logistic services, close control of costs, & great customer service. Call us now!\",\"breadcrumb\":{\"@id\":\"https:\\\/\\\/graneromoving.com\\\/logistics\\\/#breadcrumb\"},\"inLanguage\":\"es\",\"potentialAction\":[{\"@type\":\"ReadAction\",\"target\":[\"https:\\\/\\\/graneromoving.com\\\/logistics\\\/\"]}]},{\"@type\":\"BreadcrumbList\",\"@id\":\"https:\\\/\\\/graneromoving.com\\\/logistics\\\/#breadcrumb\",\"itemListElement\":[{\"@type\":\"ListItem\",\"position\":1,\"name\":\"Home\",\"item\":\"https:\\\/\\\/graneromoving.com\\\/\"},{\"@type\":\"ListItem\",\"position\":2,\"name\":\"Logistics\"}]},{\"@type\":\"WebSite\",\"@id\":\"https:\\\/\\\/graneromoving.com\\\/#website\",\"url\":\"https:\\\/\\\/graneromoving.com\\\/\",\"name\":\"Granero Moving\",\"description\":\"Quality Services in Seattle and South Florida\",\"potentialAction\":[{\"@type\":\"SearchAction\",\"target\":{\"@type\":\"EntryPoint\",\"urlTemplate\":\"https:\\\/\\\/graneromoving.com\\\/?s={search_term_string}\"},\"query-input\":{\"@type\":\"PropertyValueSpecification\",\"valueRequired\":true,\"valueName\":\"search_term_string\"}}],\"inLanguage\":\"es\"}]}<\/script>\n<!-- \/ Yoast SEO plugin. -->","yoast_head_json":{"title":"#1 Logistics Services in the U.S.| Granero Moving","description":"Granero Moving helps small to mid-sized companies that need quality logistic services, close control of costs, & great customer service. Call us now!","robots":{"index":"index","follow":"follow","max-snippet":"max-snippet:-1","max-image-preview":"max-image-preview:large","max-video-preview":"max-video-preview:-1"},"canonical":"https:\/\/graneromoving.com\/es\/logistics\/","og_locale":"es_ES","og_type":"article","og_title":"#1 Logistics Services in the U.S.| Granero Moving","og_description":"Granero Moving helps small to mid-sized companies that need quality logistic services, close control of costs, & great customer service. Call us now!","og_url":"https:\/\/graneromoving.com\/es\/logistics\/","og_site_name":"Granero Moving","article_modified_time":"2024-03-04T19:12:00+00:00","twitter_card":"summary_large_image","twitter_misc":{"Tiempo de lectura":"1 minuto"},"schema":{"@context":"https:\/\/schema.org","@graph":[{"@type":"WebPage","@id":"https:\/\/graneromoving.com\/logistics\/","url":"https:\/\/graneromoving.com\/logistics\/","name":"#1 Logistics Services in the U.S.| Granero Moving","isPartOf":{"@id":"https:\/\/graneromoving.com\/#website"},"datePublished":"2020-04-26T14:59:21+00:00","dateModified":"2024-03-04T19:12:00+00:00","description":"Granero Moving helps small to mid-sized companies that need quality logistic services, close control of costs, & great customer service. Call us now!","breadcrumb":{"@id":"https:\/\/graneromoving.com\/logistics\/#breadcrumb"},"inLanguage":"es","potentialAction":[{"@type":"ReadAction","target":["https:\/\/graneromoving.com\/logistics\/"]}]},{"@type":"BreadcrumbList","@id":"https:\/\/graneromoving.com\/logistics\/#breadcrumb","itemListElement":[{"@type":"ListItem","position":1,"name":"Home","item":"https:\/\/graneromoving.com\/"},{"@type":"ListItem","position":2,"name":"Logistics"}]},{"@type":"WebSite","@id":"https:\/\/graneromoving.com\/#website","url":"https:\/\/graneromoving.com\/","name":"Granero Moving","description":"Servicios de calidad en Seattle y en el Sur de la Florida","potentialAction":[{"@type":"SearchAction","target":{"@type":"EntryPoint","urlTemplate":"https:\/\/graneromoving.com\/?s={search_term_string}"},"query-input":{"@type":"PropertyValueSpecification","valueRequired":true,"valueName":"search_term_string"}}],"inLanguage":"es"}]}},"_links":{"self":[{"href":"https:\/\/graneromoving.com\/es\/wp-json\/wp\/v2\/pages\/77","targetHints":{"allow":["GET"]}}],"collection":[{"href":"https:\/\/graneromoving.com\/es\/wp-json\/wp\/v2\/pages"}],"about":[{"href":"https:\/\/graneromoving.com\/es\/wp-json\/wp\/v2\/types\/page"}],"author":[{"embeddable":true,"href":"https:\/\/graneromoving.com\/es\/wp-json\/wp\/v2\/users\/7"}],"replies":[{"embeddable":true,"href":"https:\/\/graneromoving.com\/es\/wp-json\/wp\/v2\/comments?post=77"}],"version-history":[{"count":11,"href":"https:\/\/graneromoving.com\/es\/wp-json\/wp\/v2\/pages\/77\/revisions"}],"predecessor-version":[{"id":7563,"href":"https:\/\/graneromoving.com\/es\/wp-json\/wp\/v2\/pages\/77\/revisions\/7563"}],"wp:attachment":[{"href":"https:\/\/graneromoving.com\/es\/wp-json\/wp\/v2\/media?parent=77"}],"curies":[{"name":"wp","href":"https:\/\/api.w.org\/{rel}","templated":true}]}}