{"id":2509,"date":"2021-04-12T02:44:46","date_gmt":"2021-04-12T06:44:46","guid":{"rendered":"https:\/\/graneromoving.com\/?page_id=2509"},"modified":"2024-04-12T09:14:39","modified_gmt":"2024-04-12T13:14:39","slug":"miami-residential-movers","status":"publish","type":"page","link":"https:\/\/graneromoving.com\/pt\/miami-residential-movers\/","title":{"rendered":"Mudan\u00e7as residenciais nos Estados Unidos"},"content":{"rendered":"<div class=\"wpb-content-wrapper\"><div data-vc-full-width=\"true\" data-vc-full-width-init=\"false\" data-vc-stretch-content=\"true\" data-vc-parallax=\"1.5\" data-vc-parallax-image=\"https:\/\/graneromoving.com\/wp-content\/uploads\/2020\/05\/map-miami.jpg.png\" class=\"vc_row wpb_row vc_row-fluid vc_row-has-fill vc_row-no-padding vc_general vc_parallax vc_parallax-content-moving\"><div class=\"wpb_column vc_column_container vc_col-sm-12\"><div class=\"vc_column-inner\"><div class=\"wpb_wrapper\"><div class=\"vc_empty_space\"   style=\"height: 32px\"><span class=\"vc_empty_space_inner\"><\/span><\/div>\n\t<div class=\"wpb_text_column wpb_content_element\" >\n\t\t<div class=\"wpb_wrapper\">\n\t\t\t<h1 style=\"text-align: center;\">Mudan\u00e7as residenciais nos Estados Unidos<\/h1>\n\n\t\t<\/div>\n\t<\/div>\n<div class=\"vc_empty_space\"   style=\"height: 32px\"><span class=\"vc_empty_space_inner\"><\/span><\/div><\/div><\/div><\/div><\/div><div class=\"vc_row-full-width vc_clearfix\"><\/div><!-- Row Backgrounds --><div class=\"upb_color\" data-bg-override=\"0\" data-bg-color=\"rgba(0,0,0,0.6)\" data-fadeout=\"\" data-fadeout-percentage=\"30\" data-parallax-content=\"\" data-parallax-content-sense=\"30\" data-row-effect-mobile-disable=\"true\" data-img-parallax-mobile-disable=\"true\" data-rtl=\"false\"  data-custom-vc-row=\"\"  data-vc=\"8.7.2\"  data-is_old_vc=\"\"  data-theme-support=\"\"   data-overlay=\"false\" data-overlay-color=\"\" data-overlay-pattern=\"\" data-overlay-pattern-opacity=\"\" data-overlay-pattern-size=\"\"    ><\/div><div class=\"vc_row wpb_row vc_row-fluid vc_custom_1590016608173\"><div class=\"wpb_column vc_column_container vc_col-sm-12\"><div class=\"vc_column-inner\"><div class=\"wpb_wrapper\">\n\t<div class=\"wpb_text_column wpb_content_element vc_custom_1709581991458\" >\n\t\t<div class=\"wpb_wrapper\">\n\t\t\t<p style=\"text-align: center; font-size: 18px;\">Whether moving locally or internationally, relocating can be an extremely stressful process. Granero Moving is a full-service mover l who recognizes this and seeks to provide a stress free and smooth moving process for all our clients.<\/p>\n<p style=\"text-align: center; font-size: 18px;\">Granero Moving was founded on the basis of providing a residential moving service in Miami that allows its customers to sit back and focus on their new home, rather than the process of moving there.<\/p>\n<p style=\"text-align: center; font-size: 18px;\">Our reputation for providing the best customer experience possible reflects this, and helps to establish us as not only premiere Miami movers, but as best mover throughout the United States thanks to our subsidiaries in the states of Florida, Washington, Oregon, Idaho, Nevada and California. as well. It is important to us that whether you are moving across the city, the country, or across the ocean that our experienced professionals exceed all expectations and let you adjust to your new home seamlessly, regardless of the size or scope of your move.<\/p>\n\n\t\t<\/div>\n\t<\/div>\n<div class=\"vc_empty_space\"   style=\"height: 32px\"><span class=\"vc_empty_space_inner\"><\/span><\/div><\/div><\/div><\/div><\/div><div class=\"vc_row wpb_row vc_row-fluid vc_custom_1590013994556 vc_row-has-fill\"><div class=\"wpb_column vc_column_container vc_col-sm-6\"><div class=\"vc_column-inner\"><div class=\"wpb_wrapper\"><div class=\"vc_empty_space\"   style=\"height: 20px\"><span class=\"vc_empty_space_inner\"><\/span><\/div><h2 style=\"font-size: 22px;color: #333333;text-align: left\" class=\"vc_custom_heading vc_custom_1618210022364 main_title\">Our Top-Rated Residential Moving Company in Miami is Ready to Move You to Your New Home<\/h2>\n\t<div class=\"wpb_text_column wpb_content_element vc_custom_1618210079978\" >\n\t\t<div class=\"wpb_wrapper\">\n\t\t\t<div style=\"font-size: 18px;\">\n<p>Granero Moving provides our customers with a transparent, top rated, and stress free relocation experience. Additionally, we take care of the entire moving process for our clients \u2013 from product storage to shipment to delivery. We specialize in both Miami residential moving, including all localities, national moves, and international moves, specifically those to Brazil and South America.<\/p>\n<p>Nossos representantes programar\u00e3o uma visita e consulta domiciliar gratuita e sem compromisso, a fim de lhe fornecer um or\u00e7amento personalizado para os itens e tamanho de sua mudan\u00e7a, e lhe fornecer\u00e3o todos os documentos necess\u00e1rios para o transporte de seus pertences. A Granero cuidar\u00e1 ent\u00e3o de todo o carregamento, entrega e descarga de seus itens em seus locais antigos e novos. Como pessoas de alto n\u00edvel em mudan\u00e7as residenciais, entendemos que seus pertences s\u00e3o importantes e os trataremos com o m\u00e1ximo cuidado e profissionalismo. Querendo saber como come\u00e7ar o processo? Confira nossas dicas \u00fateis de mudan\u00e7a <a href=\"https:\/\/graneromoving.com\/pt\/moving-tips\/\">here<\/a>.<\/p>\n<\/div>\n\n\t\t<\/div>\n\t<\/div>\n<div class=\"vc_empty_space\"   style=\"height: 50px\"><span class=\"vc_empty_space_inner\"><\/span><\/div><\/div><\/div><\/div><div class=\"wpb_column vc_column_container vc_col-sm-6\"><div class=\"vc_column-inner\"><div class=\"wpb_wrapper\">\r\n\r\n\t\t\t<div class=\"wpb_single_image wpb_content_element vc_align_left\">\r\n\t\t\t\t\r\n\t\t\t\t\t<figure class=\"wpb_wrapper vc_figure item_img\">\r\n\t\t\t\t\t\t<div class=\"vc_single_image-wrapper   vc_box_border_grey\"><img loading=\"lazy\" decoding=\"async\" width=\"863\" height=\"1080\" src=\"https:\/\/graneromoving.com\/wp-content\/uploads\/2022\/03\/florida-house-e1647035729272.jpg\" class=\"vc_single_image-img attachment-full\" alt=\"\" title=\"florida-house\" \/><\/div>\r\n\t\t\t\t\t<\/figure>\r\n\t\t\t<\/div>\r\n<\/div><\/div><\/div><\/div><div class=\"vc_row wpb_row vc_row-fluid vc_custom_1590013994556 vc_row-has-fill\"><div class=\"wpb_column vc_column_container vc_col-sm-6\"><div class=\"vc_column-inner\"><div class=\"wpb_wrapper\">\r\n\r\n\t\t\t<div class=\"wpb_single_image wpb_content_element vc_align_left\">\r\n\t\t\t\t\r\n\t\t\t\t\t<figure class=\"wpb_wrapper vc_figure item_img\">\r\n\t\t\t\t\t\t<div class=\"vc_single_image-wrapper   vc_box_border_grey\"><img loading=\"lazy\" decoding=\"async\" width=\"1609\" height=\"1069\" src=\"https:\/\/graneromoving.com\/wp-content\/uploads\/2022\/03\/114.jpg\" class=\"vc_single_image-img attachment-full\" alt=\"\" title=\"114\" \/><\/div>\r\n\t\t\t\t\t<\/figure>\r\n\t\t\t<\/div>\r\n<\/div><\/div><\/div><div class=\"wpb_column vc_column_container vc_col-sm-6\"><div class=\"vc_column-inner\"><div class=\"wpb_wrapper\"><div class=\"vc_empty_space\"   style=\"height: 20px\"><span class=\"vc_empty_space_inner\"><\/span><\/div><h3 style=\"font-size: 22px;color: #333333;text-align: left\" class=\"vc_custom_heading vc_custom_1709582006592 main_title\">Mudan\u00e7as Residenciais de Servi\u00e7o Completo<\/h3>\n\t<div class=\"wpb_text_column wpb_content_element vc_custom_1709582080793\" >\n\t\t<div class=\"wpb_wrapper\">\n\t\t\t<div style=\"font-size: 18px;\">\n<p>As Miami&#8217;s premiere residential moving company, it is important to us that your possessions arrive safely and quickly in order to get you settled in your new surroundings. Granero was established to improve the residential moving experience of all those in Florida, and continues to stay committed to this notion as we move our customers all around the world. We pride ourselves on being an ethical and logistical moving company, and deliver high quality services that will ensure your security and privacy.<\/p>\n<p>At Granero Moving, we provide a full-service experience, and handle your move from beginning to end. Our experienced representatives will provide you with competitive estimates, safe and easy transportation of your possessions, and will establish a chain of communication that allow you to relax and ease stress. Even if you don\u2019t know where to begin, Granero is there for you. We invite you to view our helpful videos that will guide you through your <a href=\"https:\/\/www.youtube.com\/watch?v=nsXUjRB54N0\">linha de tempo de mudan\u00e7a<\/a>, <a href=\"https:\/\/www.youtube.com\/watch?v=HjPpyhMyGEY\">, criando um or\u00e7amento de mudan\u00e7a<\/a>, e at\u00e9 mesmo a melhor maneira de se mudar com <a href=\"https:\/\/www.youtube.com\/watch?v=OA_WQcetuPQ\">crian\u00e7as<\/a> ou<a href=\"https:\/\/www.youtube.com\/watch?v=PLfM5SMJqBc\"> animais de estima\u00e7\u00e3o<\/a>. Moving is often a stressful process, but it does not have to be \u2013 let Granero Moving take care of all of that for you.<\/p>\n<\/div>\n\n\t\t<\/div>\n\t<\/div>\n<div class=\"vc_empty_space\"   style=\"height: 50px\"><span class=\"vc_empty_space_inner\"><\/span><\/div><\/div><\/div><\/div><\/div><div class=\"vc_row wpb_row vc_row-fluid vc_custom_1590013994556 vc_row-has-fill\"><div class=\"wpb_column vc_column_container vc_col-sm-6\"><div class=\"vc_column-inner\"><div class=\"wpb_wrapper\"><div class=\"vc_empty_space\"   style=\"height: 20px\"><span class=\"vc_empty_space_inner\"><\/span><\/div><h3 style=\"font-size: 22px;color: #333333;text-align: left\" class=\"vc_custom_heading vc_custom_1712927651991 main_title\">Residential Moving <\/h3>\n\t<div class=\"wpb_text_column wpb_content_element vc_custom_1712927676597\" >\n\t\t<div class=\"wpb_wrapper\">\n\t\t\t<div style=\"font-size: 18px;\">\n<p>You\u2019re moving locally, Granero can handle it. As experienced residential movers, we are prepared and able to take on all your needs, no matter the size or scope of your relocation.<\/p>\n<p>Qualquer processo de mudan\u00e7a bem sucedido requer muito planejamento. A Granero trata disso para voc\u00ea do come\u00e7o ao fim, e tem representantes dispon\u00edveis para responder a todas as suas perguntas. Al\u00e9m disso, ao escolher a Granero como sua empresa de mudan\u00e7as, voc\u00ea ser\u00e1 designado um coordenador de mudan\u00e7as que estar\u00e1 com voc\u00ea durante todo o processo.<\/p>\n<p>In addition to specializing in local residential moves, Granero also specializes in moves across Florida, the United States, or internationally. \u00a0To ensure your peace of mind and your goods\u2019 security during a long-distance move, our trucks come with satellite tracking and communications systems that will allow you to track and monitor your items\u2019 location and arrival. Our experienced moving crews will carefully pack, transport, and unpack your items \u2013 no need to lift a finger on your part! Granero crews will also be happy to answer or provide guidance for any questions or concerns you may have. Moving can be a difficult time, but Granero is here to ease any worries you may have during the process.<\/p>\n<\/div>\n\n\t\t<\/div>\n\t<\/div>\n<div class=\"vc_empty_space\"   style=\"height: 50px\"><span class=\"vc_empty_space_inner\"><\/span><\/div><\/div><\/div><\/div><div class=\"wpb_column vc_column_container vc_col-sm-6\"><div class=\"vc_column-inner\"><div class=\"wpb_wrapper\">\r\n\r\n\t\t\t<div class=\"wpb_single_image wpb_content_element vc_align_left\">\r\n\t\t\t\t\r\n\t\t\t\t\t<figure class=\"wpb_wrapper vc_figure item_img\">\r\n\t\t\t\t\t\t<div class=\"vc_single_image-wrapper   vc_box_border_grey\"><img loading=\"lazy\" decoding=\"async\" width=\"1080\" height=\"1080\" src=\"https:\/\/graneromoving.com\/wp-content\/uploads\/2022\/03\/3.jpg\" class=\"vc_single_image-img attachment-full\" alt=\"\" title=\"3\" \/><\/div>\r\n\t\t\t\t\t<\/figure>\r\n\t\t\t<\/div>\r\n<\/div><\/div><\/div><\/div><div class=\"vc_row wpb_row vc_row-fluid vc_custom_1590013994556 vc_row-has-fill\"><div class=\"wpb_column vc_column_container vc_col-sm-6\"><div class=\"vc_column-inner\"><div class=\"wpb_wrapper\">\r\n\r\n\t\t\t<div class=\"wpb_single_image wpb_content_element vc_align_left\">\r\n\t\t\t\t\r\n\t\t\t\t\t<figure class=\"wpb_wrapper vc_figure item_img\">\r\n\t\t\t\t\t\t<div class=\"vc_single_image-wrapper   vc_box_border_grey\"><img loading=\"lazy\" decoding=\"async\" width=\"1308\" height=\"899\" src=\"https:\/\/graneromoving.com\/wp-content\/uploads\/2020\/04\/international.jpg\" class=\"vc_single_image-img attachment-full\" alt=\"\" title=\"international\" \/><\/div>\r\n\t\t\t\t\t<\/figure>\r\n\t\t\t<\/div>\r\n<\/div><\/div><\/div><div class=\"wpb_column vc_column_container vc_col-sm-6\"><div class=\"vc_column-inner\"><div class=\"wpb_wrapper\"><div class=\"vc_empty_space\"   style=\"height: 20px\"><span class=\"vc_empty_space_inner\"><\/span><\/div><h3 style=\"font-size: 22px;color: #333333;text-align: left\" class=\"vc_custom_heading vc_custom_1618210293691 main_title\">Receba hoje sua cita\u00e7\u00e3o<\/h3>\n\t<div class=\"wpb_text_column wpb_content_element vc_custom_1618210309634\" >\n\t\t<div class=\"wpb_wrapper\">\n\t\t\t<div style=\"font-size: 18px;\">\n<p>Granero is an experienced residential moving company here to provide you with excellent customer service and a stress-free experience. No matter the size or location of your move, our residential movers are here to support you throughout the process and ensure your goods are transported and arrive quickly and safely. We provide a process attuned to your needs, and our coordinators are here to answer all questions that may come up. We care about you \u2013 not just your things!<\/p>\n<p>Moving is stressful, but it doesn\u2019t have to be! Granero is here to ease your mind and ensure your goods arrive quickly and safely.<\/p>\n<p><a href=\"https:\/\/graneromoving.com\/pt\/moving-services-contact-us\/\"><br \/>\nObtenha seu or\u00e7amento gratuito aqui ou ligue para 310-771-0801. <\/a><\/p>\n<\/div>\n\n\t\t<\/div>\n\t<\/div>\n<div class=\"vc_empty_space\"   style=\"height: 50px\"><span class=\"vc_empty_space_inner\"><\/span><\/div><\/div><\/div><\/div><\/div>\n<\/div>","protected":false},"excerpt":{"rendered":"Residential Movers in the United States Whether moving locally or internationally, relocating can be an extremely stressful process. Granero Moving is a full-service mover l who recognizes this and seeks to provide a stress free and smooth moving process for all our clients. Granero Moving was founded on the basis of providing a residential moving.","protected":false},"author":7,"featured_media":0,"parent":0,"menu_order":0,"comment_status":"closed","ping_status":"closed","template":"","meta":{"_joinchat":[],"footnotes":""},"class_list":["post-2509","page","type-page","status-publish","hentry"],"yoast_head":"<!-- This site is optimized with the Yoast SEO plugin v27.4 - https:\/\/yoast.com\/product\/yoast-seo-wordpress\/ -->\n<title>Miami Residential Movers in the United States | Granero Moving<\/title>\n<meta name=\"description\" content=\"Granero Moving is a full-service mover located in the United States who recognizes this and seeks to provide a stress free and smooth moving process for all our clients.\" \/>\n<meta name=\"robots\" content=\"index, follow, max-snippet:-1, max-image-preview:large, max-video-preview:-1\" \/>\n<link rel=\"canonical\" href=\"https:\/\/graneromoving.com\/pt\/miami-residential-movers\/\" \/>\n<meta property=\"og:locale\" content=\"pt_BR\" \/>\n<meta property=\"og:type\" content=\"article\" \/>\n<meta property=\"og:title\" content=\"Miami Residential Movers in the United States | Granero Moving\" \/>\n<meta property=\"og:description\" content=\"Granero Moving is a full-service mover located in the United States who recognizes this and seeks to provide a stress free and smooth moving process for all our clients.\" \/>\n<meta property=\"og:url\" content=\"https:\/\/graneromoving.com\/pt\/miami-residential-movers\/\" \/>\n<meta property=\"og:site_name\" content=\"Granero Moving\" \/>\n<meta property=\"article:modified_time\" content=\"2024-04-12T13:14:39+00:00\" \/>\n<meta name=\"twitter:card\" content=\"summary_large_image\" \/>\n<meta name=\"twitter:label1\" content=\"Est. tempo de leitura\" \/>\n\t<meta name=\"twitter:data1\" content=\"5 minutos\" \/>\n<script type=\"application\/ld+json\" class=\"yoast-schema-graph\">{\"@context\":\"https:\\\/\\\/schema.org\",\"@graph\":[{\"@type\":\"WebPage\",\"@id\":\"https:\\\/\\\/graneromoving.com\\\/miami-residential-movers\\\/\",\"url\":\"https:\\\/\\\/graneromoving.com\\\/miami-residential-movers\\\/\",\"name\":\"Miami Residential Movers in the United States | Granero Moving\",\"isPartOf\":{\"@id\":\"https:\\\/\\\/graneromoving.com\\\/#website\"},\"datePublished\":\"2021-04-12T06:44:46+00:00\",\"dateModified\":\"2024-04-12T13:14:39+00:00\",\"description\":\"Granero Moving is a full-service mover located in the United States who recognizes this and seeks to provide a stress free and smooth moving process for all our clients.\",\"breadcrumb\":{\"@id\":\"https:\\\/\\\/graneromoving.com\\\/miami-residential-movers\\\/#breadcrumb\"},\"inLanguage\":\"pt-BR\",\"potentialAction\":[{\"@type\":\"ReadAction\",\"target\":[\"https:\\\/\\\/graneromoving.com\\\/miami-residential-movers\\\/\"]}]},{\"@type\":\"BreadcrumbList\",\"@id\":\"https:\\\/\\\/graneromoving.com\\\/miami-residential-movers\\\/#breadcrumb\",\"itemListElement\":[{\"@type\":\"ListItem\",\"position\":1,\"name\":\"Home\",\"item\":\"https:\\\/\\\/graneromoving.com\\\/\"},{\"@type\":\"ListItem\",\"position\":2,\"name\":\"Residential Movers in the United States\"}]},{\"@type\":\"WebSite\",\"@id\":\"https:\\\/\\\/graneromoving.com\\\/#website\",\"url\":\"https:\\\/\\\/graneromoving.com\\\/\",\"name\":\"Granero Moving\",\"description\":\"Quality Services in Seattle and South Florida\",\"potentialAction\":[{\"@type\":\"SearchAction\",\"target\":{\"@type\":\"EntryPoint\",\"urlTemplate\":\"https:\\\/\\\/graneromoving.com\\\/?s={search_term_string}\"},\"query-input\":{\"@type\":\"PropertyValueSpecification\",\"valueRequired\":true,\"valueName\":\"search_term_string\"}}],\"inLanguage\":\"pt-BR\"}]}<\/script>\n<!-- \/ Yoast SEO plugin. -->","yoast_head_json":{"title":"Miami Residential Movers in the United States | Granero Moving","description":"Granero Moving is a full-service mover located in the United States who recognizes this and seeks to provide a stress free and smooth moving process for all our clients.","robots":{"index":"index","follow":"follow","max-snippet":"max-snippet:-1","max-image-preview":"max-image-preview:large","max-video-preview":"max-video-preview:-1"},"canonical":"https:\/\/graneromoving.com\/pt\/miami-residential-movers\/","og_locale":"pt_BR","og_type":"article","og_title":"Miami Residential Movers in the United States | Granero Moving","og_description":"Granero Moving is a full-service mover located in the United States who recognizes this and seeks to provide a stress free and smooth moving process for all our clients.","og_url":"https:\/\/graneromoving.com\/pt\/miami-residential-movers\/","og_site_name":"Granero Moving","article_modified_time":"2024-04-12T13:14:39+00:00","twitter_card":"summary_large_image","twitter_misc":{"Est. tempo de leitura":"5 minutos"},"schema":{"@context":"https:\/\/schema.org","@graph":[{"@type":"WebPage","@id":"https:\/\/graneromoving.com\/miami-residential-movers\/","url":"https:\/\/graneromoving.com\/miami-residential-movers\/","name":"Miami Residential Movers in the United States | Granero Moving","isPartOf":{"@id":"https:\/\/graneromoving.com\/#website"},"datePublished":"2021-04-12T06:44:46+00:00","dateModified":"2024-04-12T13:14:39+00:00","description":"Granero Moving is a full-service mover located in the United States who recognizes this and seeks to provide a stress free and smooth moving process for all our clients.","breadcrumb":{"@id":"https:\/\/graneromoving.com\/miami-residential-movers\/#breadcrumb"},"inLanguage":"pt-BR","potentialAction":[{"@type":"ReadAction","target":["https:\/\/graneromoving.com\/miami-residential-movers\/"]}]},{"@type":"BreadcrumbList","@id":"https:\/\/graneromoving.com\/miami-residential-movers\/#breadcrumb","itemListElement":[{"@type":"ListItem","position":1,"name":"Home","item":"https:\/\/graneromoving.com\/"},{"@type":"ListItem","position":2,"name":"Residential Movers in the United States"}]},{"@type":"WebSite","@id":"https:\/\/graneromoving.com\/#website","url":"https:\/\/graneromoving.com\/","name":"Granero Moving","description":"Quality Services in Seattle and South Florida","potentialAction":[{"@type":"SearchAction","target":{"@type":"EntryPoint","urlTemplate":"https:\/\/graneromoving.com\/?s={search_term_string}"},"query-input":{"@type":"PropertyValueSpecification","valueRequired":true,"valueName":"search_term_string"}}],"inLanguage":"pt-BR"}]}},"_links":{"self":[{"href":"https:\/\/graneromoving.com\/pt\/wp-json\/wp\/v2\/pages\/2509","targetHints":{"allow":["GET"]}}],"collection":[{"href":"https:\/\/graneromoving.com\/pt\/wp-json\/wp\/v2\/pages"}],"about":[{"href":"https:\/\/graneromoving.com\/pt\/wp-json\/wp\/v2\/types\/page"}],"author":[{"embeddable":true,"href":"https:\/\/graneromoving.com\/pt\/wp-json\/wp\/v2\/users\/7"}],"replies":[{"embeddable":true,"href":"https:\/\/graneromoving.com\/pt\/wp-json\/wp\/v2\/comments?post=2509"}],"version-history":[{"count":18,"href":"https:\/\/graneromoving.com\/pt\/wp-json\/wp\/v2\/pages\/2509\/revisions"}],"predecessor-version":[{"id":7722,"href":"https:\/\/graneromoving.com\/pt\/wp-json\/wp\/v2\/pages\/2509\/revisions\/7722"}],"wp:attachment":[{"href":"https:\/\/graneromoving.com\/pt\/wp-json\/wp\/v2\/media?parent=2509"}],"curies":[{"name":"wp","href":"https:\/\/api.w.org\/{rel}","templated":true}]}}