{"id":590,"date":"2020-05-20T23:03:34","date_gmt":"2020-05-21T03:03:34","guid":{"rendered":"https:\/\/graneromoving.com\/?page_id=590"},"modified":"2024-03-01T15:14:32","modified_gmt":"2024-03-01T20:14:32","slug":"about-formula-global-mobility","status":"publish","type":"page","link":"https:\/\/graneromoving.com\/pt\/about-formula-global-mobility\/","title":{"rendered":"Formula Agent- Granero Moving"},"content":{"rendered":"<div class=\"wpb-content-wrapper\"><div data-vc-full-width=\"true\" data-vc-full-width-init=\"false\" data-vc-stretch-content=\"true\" data-vc-parallax=\"1.5\" data-vc-parallax-image=\"https:\/\/graneromoving.com\/wp-content\/uploads\/2020\/05\/map-miami.jpg.png\" class=\"vc_row wpb_row vc_row-fluid vc_row-has-fill vc_row-no-padding vc_general vc_parallax vc_parallax-content-moving\"><div class=\"wpb_column vc_column_container vc_col-sm-12\"><div class=\"vc_column-inner\"><div class=\"wpb_wrapper\"><div class=\"vc_empty_space\"   style=\"height: 32px\"><span class=\"vc_empty_space_inner\"><\/span><\/div>\n\t<div class=\"wpb_text_column wpb_content_element\" >\n\t\t<div class=\"wpb_wrapper\">\n\t\t\t<h4 style=\"text-align: center;\">More Formula Global Mobility Information<\/h4>\n\n\t\t<\/div>\n\t<\/div>\n<div class=\"vc_empty_space\"   style=\"height: 32px\"><span class=\"vc_empty_space_inner\"><\/span><\/div><\/div><\/div><\/div><\/div><div class=\"vc_row-full-width vc_clearfix\"><\/div><!-- Row Backgrounds --><div class=\"upb_color\" data-bg-override=\"0\" data-bg-color=\"rgba(0,0,0,0.6)\" data-fadeout=\"\" data-fadeout-percentage=\"30\" data-parallax-content=\"\" data-parallax-content-sense=\"30\" data-row-effect-mobile-disable=\"true\" data-img-parallax-mobile-disable=\"true\" data-rtl=\"false\"  data-custom-vc-row=\"\"  data-vc=\"8.7.2\"  data-is_old_vc=\"\"  data-theme-support=\"\"   data-overlay=\"false\" data-overlay-color=\"\" data-overlay-pattern=\"\" data-overlay-pattern-opacity=\"\" data-overlay-pattern-size=\"\"    ><\/div><div class=\"vc_row wpb_row vc_row-fluid vc_custom_1590016608173\"><div class=\"wpb_column vc_column_container vc_col-sm-12\"><div class=\"vc_column-inner\"><div class=\"wpb_wrapper\">\n\t<div class=\"wpb_text_column wpb_content_element vc_custom_1709323787712\" >\n\t\t<div class=\"wpb_wrapper\">\n\t\t\t<p style=\"text-align: center; font-size: 18px;\">Formula Global Mobility is one of the largest household goods movers in the United States. Our moving experts own and operate the equipment and warehouses to provide moving and storage services you expect, with expertise in moving and logistics that bring the world within reach.<\/p>\n\n\t\t<\/div>\n\t<\/div>\n<div class=\"load-more\">    \r\n <div  style=\"text-align:center\">\r\n    <a href=\"https:\/\/graneromoving.com\/pt\/moving-services-contact-us\/\" class=\"button    type2\">\r\n   <span>\r\n    <span>Solicite uma Cota\u00e7\u00e3o Gr\u00e1tis<\/span>\r\n    <span>Solicite uma Cota\u00e7\u00e3o Gr\u00e1tis<\/span>\r\n   <\/span>\r\n  <\/a>\r\n <\/div>\r\n<\/div>\n<div class=\"vc_empty_space\"   style=\"height: 32px\"><span class=\"vc_empty_space_inner\"><\/span><\/div><\/div><\/div><\/div><\/div><div class=\"vc_row wpb_row vc_row-fluid vc_custom_1590013994556 vc_row-has-fill\"><div class=\"wpb_column vc_column_container vc_col-sm-6\"><div class=\"vc_column-inner\"><div class=\"wpb_wrapper\"><div class=\"vc_empty_space\"   style=\"height: 20px\"><span class=\"vc_empty_space_inner\"><\/span><\/div><h2 style=\"font-size: 22px;color: #333333;text-align: left\" class=\"vc_custom_heading vc_custom_1647029901128 main_title\">This is the mission of Formula Global Mobility, a brand that stands for:<\/h2>\n\t<div class=\"wpb_text_column wpb_content_element vc_custom_1590016499755\" >\n\t\t<div class=\"wpb_wrapper\">\n\t\t\t<div style=\"font-size: 18px;\">\n<p><strong>Dreams.<\/strong>\u00a0 We understand the importance of pursuing dreams for those we serve.<strong>Answers.<\/strong> We bring an unrivaled dedication to problem-solving.<\/p>\n<p><strong>Global Reach. <\/strong>We have a network of resources that connects our customers to best-in-class services throughout the world.<\/p>\n<p><strong>Cultivation. <\/strong>We commit to the well-being of our people, our customers, our company, our communities, and our planet.<\/p>\n<p><strong>Entrepreneurial Spirit.<\/strong>\u00a0 We believe our customers and our future are best served by our network of independent agent owners.<\/p>\n<\/div>\n\n\t\t<\/div>\n\t<\/div>\n<div class=\"vc_empty_space\"   style=\"height: 50px\"><span class=\"vc_empty_space_inner\"><\/span><\/div><\/div><\/div><\/div><div class=\"wpb_column vc_column_container vc_col-sm-6\"><div class=\"vc_column-inner\"><div class=\"wpb_wrapper\">\r\n\r\n\t\t\t<div class=\"wpb_single_image wpb_content_element vc_align_left\">\r\n\t\t\t\t\r\n\t\t\t\t\t<figure class=\"wpb_wrapper vc_figure item_img\">\r\n\t\t\t\t\t\t<div class=\"vc_single_image-wrapper   vc_box_border_grey\"><img loading=\"lazy\" decoding=\"async\" width=\"1080\" height=\"1080\" src=\"https:\/\/graneromoving.com\/wp-content\/uploads\/2022\/03\/3.jpg\" class=\"vc_single_image-img attachment-full\" alt=\"\" title=\"3\" \/><\/div>\r\n\t\t\t\t\t<\/figure>\r\n\t\t\t<\/div>\r\n<\/div><\/div><\/div><\/div><div class=\"vc_row wpb_row vc_row-fluid vc_custom_1590016243079\"><div class=\"wpb_column vc_column_container vc_col-sm-12\"><div class=\"vc_column-inner\"><div class=\"wpb_wrapper\"><div class=\"vc_empty_space\"   style=\"height: 30px\"><span class=\"vc_empty_space_inner\"><\/span><\/div>\n\t<div class=\"wpb_text_column wpb_content_element\" >\n\t\t<div class=\"wpb_wrapper\">\n\t\t\t<h3 style=\"text-align: center; color: #333;\"><strong>DIVERSIFIED STRENGTH<\/strong><\/h3>\n\n\t\t<\/div>\n\t<\/div>\n<div class=\"vc_row wpb_row vc_inner vc_row-fluid\"><div class=\"wpb_column vc_column_container vc_col-sm-4\"><div class=\"vc_column-inner\"><div class=\"wpb_wrapper\">\n\t<div class=\"wpb_text_column wpb_content_element\" >\n\t\t<div class=\"wpb_wrapper\">\n\t\t\t<p><a href=\"https:\/\/www.brytor.ca\/\">IMS- Brytor group<\/a>, parent of Formila Global Mobility, is a diversified, global family of moving companies with specialized strengths.<\/p>\n<p>IMS- Brytor group is Canada&#8217;s most progressive and fastest-growing van line. With headquarters in Montreal, Quebec, IMS- Brytor group connects more than 1500 full-service agents to provide transportation services between North America to +150 Countries.<\/p>\n<p>IMS- Brytor group brings the power of information to move management programs. Global program managers gain the efficiency they need while transferees receive the best relocation experience they want.<\/p>\n\n\t\t<\/div>\n\t<\/div>\n<\/div><\/div><\/div><div class=\"wpb_column vc_column_container vc_col-sm-4\"><div class=\"vc_column-inner\"><div class=\"wpb_wrapper\">\n\t<div class=\"wpb_text_column wpb_content_element\" >\n\t\t<div class=\"wpb_wrapper\">\n\t\t\t<p>IMS- Brytor group brings a reputation for responsive service with proven experience in supply chain management, freight brokerage, and padded-van transportation. The company also provides a proven resource for project management.<\/p>\n<p>IMS- Brytor group supports Granero Global Mobility with moving-related supplies and equipment including sales, financing, service and repair.<\/p>\n<p>IMS- Brytor group is an international freight forwarder with offices in Toronto, Ontario, providing complete, personalized transportation services for Formula Global Mobility and their customers around the globe.<\/p>\n\n\t\t<\/div>\n\t<\/div>\n<\/div><\/div><\/div><div class=\"wpb_column vc_column_container vc_col-sm-4\"><div class=\"vc_column-inner\"><div class=\"wpb_wrapper\">\n\t<div class=\"wpb_text_column wpb_content_element\" >\n\t\t<div class=\"wpb_wrapper\">\n\t\t\t<p>IMS-Brytor Group provides comprehensive relocation services and customized relocation programs globally to corporations and their employee families from their world headquarters in Montreal, Canada, with numerous U.S. locations and international offices in Montreal and Seattle.<\/p>\n<p>IMS-Brytor Group in Fort Lauderdale, Florida, is the wholly-owned Formula Global Mobility resource for project management. The company has a reputation for flawless final mile services for furniture, fixtures, and equipment, relying on an unfailing warehouse network, rapid reporting, competitive pricing, and a full-service travel agency serving customers globally for business and personal itineraries.<\/p>\n\n\t\t<\/div>\n\t<\/div>\n<\/div><\/div><\/div><\/div><div class=\"load-more\">    \r\n <div  style=\"text-align:center\">\r\n    <a href=\"https:\/\/graneromoving.com\/pt\/moving-services-contact-us\/\" class=\"button    type2\">\r\n   <span>\r\n    <span>Solicite uma Cota\u00e7\u00e3o Gr\u00e1tis<\/span>\r\n    <span>Solicite uma Cota\u00e7\u00e3o Gr\u00e1tis<\/span>\r\n   <\/span>\r\n  <\/a>\r\n <\/div>\r\n<\/div>\n<div class=\"vc_empty_space\"   style=\"height: 50px\"><span class=\"vc_empty_space_inner\"><\/span><\/div><\/div><\/div><\/div><\/div><div class=\"vc_row wpb_row vc_row-fluid vc_custom_1590016687624 vc_row-has-fill\"><div class=\"wpb_column vc_column_container vc_col-sm-12\"><div class=\"vc_column-inner\"><div class=\"wpb_wrapper\">\n\t<div class=\"wpb_text_column wpb_content_element vc_custom_1647030843459\" >\n\t\t<div class=\"wpb_wrapper\">\n\t\t\t<p style=\"text-align: center; font-size: 24px;\"><em>Move where you want with Formula Global Mobility.<br \/>\n<\/em><em>Get started now with an instant quote for moving services.<\/em><\/p>\n\n\t\t<\/div>\n\t<\/div>\n<\/div><\/div><\/div><\/div>\n<\/div>","protected":false},"excerpt":{"rendered":"More Formula Global Mobility Information Formula Global Mobility is one of the largest household goods movers in the United States. Our moving experts own and operate the equipment and warehouses to provide moving and storage services you expect, with expertise in moving and logistics that bring the world within reach. Get a Free Quote Get.","protected":false},"author":7,"featured_media":0,"parent":0,"menu_order":0,"comment_status":"closed","ping_status":"closed","template":"","meta":{"_joinchat":[],"footnotes":""},"class_list":["post-590","page","type-page","status-publish","hentry"],"yoast_head":"<!-- This site is optimized with the Yoast SEO plugin v27.3 - https:\/\/yoast.com\/product\/yoast-seo-wordpress\/ -->\n<title>Formula Agent in the United States<\/title>\n<meta name=\"description\" content=\"Granero Moving is a proud agent of Formula Global Mobility, one of the largest household goods movers in the U.S\" \/>\n<meta name=\"robots\" content=\"index, follow, max-snippet:-1, max-image-preview:large, max-video-preview:-1\" \/>\n<link rel=\"canonical\" href=\"https:\/\/graneromoving.com\/pt\/about-formula-global-mobility\/\" \/>\n<meta property=\"og:locale\" content=\"pt_BR\" \/>\n<meta property=\"og:type\" content=\"article\" \/>\n<meta property=\"og:title\" content=\"Formula Agent in the United States\" \/>\n<meta property=\"og:description\" content=\"Granero Moving is a proud agent of Formula Global Mobility, one of the largest household goods movers in the U.S\" \/>\n<meta property=\"og:url\" content=\"https:\/\/graneromoving.com\/pt\/about-formula-global-mobility\/\" \/>\n<meta property=\"og:site_name\" content=\"Granero Moving\" \/>\n<meta property=\"article:modified_time\" content=\"2024-03-01T20:14:32+00:00\" \/>\n<meta name=\"twitter:card\" content=\"summary_large_image\" \/>\n<meta name=\"twitter:label1\" content=\"Est. tempo de leitura\" \/>\n\t<meta name=\"twitter:data1\" content=\"3 minutos\" \/>\n<script type=\"application\/ld+json\" class=\"yoast-schema-graph\">{\"@context\":\"https:\\\/\\\/schema.org\",\"@graph\":[{\"@type\":\"WebPage\",\"@id\":\"https:\\\/\\\/graneromoving.com\\\/about-formula-global-mobility\\\/\",\"url\":\"https:\\\/\\\/graneromoving.com\\\/about-formula-global-mobility\\\/\",\"name\":\"Formula Agent in the United States\",\"isPartOf\":{\"@id\":\"https:\\\/\\\/graneromoving.com\\\/#website\"},\"datePublished\":\"2020-05-21T03:03:34+00:00\",\"dateModified\":\"2024-03-01T20:14:32+00:00\",\"description\":\"Granero Moving is a proud agent of Formula Global Mobility, one of the largest household goods movers in the U.S\",\"breadcrumb\":{\"@id\":\"https:\\\/\\\/graneromoving.com\\\/about-formula-global-mobility\\\/#breadcrumb\"},\"inLanguage\":\"pt-BR\",\"potentialAction\":[{\"@type\":\"ReadAction\",\"target\":[\"https:\\\/\\\/graneromoving.com\\\/about-formula-global-mobility\\\/\"]}]},{\"@type\":\"BreadcrumbList\",\"@id\":\"https:\\\/\\\/graneromoving.com\\\/about-formula-global-mobility\\\/#breadcrumb\",\"itemListElement\":[{\"@type\":\"ListItem\",\"position\":1,\"name\":\"Home\",\"item\":\"https:\\\/\\\/graneromoving.com\\\/\"},{\"@type\":\"ListItem\",\"position\":2,\"name\":\"Formula Agent- Granero Moving\"}]},{\"@type\":\"WebSite\",\"@id\":\"https:\\\/\\\/graneromoving.com\\\/#website\",\"url\":\"https:\\\/\\\/graneromoving.com\\\/\",\"name\":\"Granero Moving\",\"description\":\"Quality Services in Seattle and South Florida\",\"potentialAction\":[{\"@type\":\"SearchAction\",\"target\":{\"@type\":\"EntryPoint\",\"urlTemplate\":\"https:\\\/\\\/graneromoving.com\\\/?s={search_term_string}\"},\"query-input\":{\"@type\":\"PropertyValueSpecification\",\"valueRequired\":true,\"valueName\":\"search_term_string\"}}],\"inLanguage\":\"pt-BR\"}]}<\/script>\n<!-- \/ Yoast SEO plugin. -->","yoast_head_json":{"title":"Formula Agent in the United States","description":"Granero Moving is a proud agent of Formula Global Mobility, one of the largest household goods movers in the U.S","robots":{"index":"index","follow":"follow","max-snippet":"max-snippet:-1","max-image-preview":"max-image-preview:large","max-video-preview":"max-video-preview:-1"},"canonical":"https:\/\/graneromoving.com\/pt\/about-formula-global-mobility\/","og_locale":"pt_BR","og_type":"article","og_title":"Formula Agent in the United States","og_description":"Granero Moving is a proud agent of Formula Global Mobility, one of the largest household goods movers in the U.S","og_url":"https:\/\/graneromoving.com\/pt\/about-formula-global-mobility\/","og_site_name":"Granero Moving","article_modified_time":"2024-03-01T20:14:32+00:00","twitter_card":"summary_large_image","twitter_misc":{"Est. tempo de leitura":"3 minutos"},"schema":{"@context":"https:\/\/schema.org","@graph":[{"@type":"WebPage","@id":"https:\/\/graneromoving.com\/about-formula-global-mobility\/","url":"https:\/\/graneromoving.com\/about-formula-global-mobility\/","name":"Formula Agent in the United States","isPartOf":{"@id":"https:\/\/graneromoving.com\/#website"},"datePublished":"2020-05-21T03:03:34+00:00","dateModified":"2024-03-01T20:14:32+00:00","description":"Granero Moving is a proud agent of Formula Global Mobility, one of the largest household goods movers in the U.S","breadcrumb":{"@id":"https:\/\/graneromoving.com\/about-formula-global-mobility\/#breadcrumb"},"inLanguage":"pt-BR","potentialAction":[{"@type":"ReadAction","target":["https:\/\/graneromoving.com\/about-formula-global-mobility\/"]}]},{"@type":"BreadcrumbList","@id":"https:\/\/graneromoving.com\/about-formula-global-mobility\/#breadcrumb","itemListElement":[{"@type":"ListItem","position":1,"name":"Home","item":"https:\/\/graneromoving.com\/"},{"@type":"ListItem","position":2,"name":"Formula Agent- Granero Moving"}]},{"@type":"WebSite","@id":"https:\/\/graneromoving.com\/#website","url":"https:\/\/graneromoving.com\/","name":"Granero Moving","description":"Quality Services in Seattle and South Florida","potentialAction":[{"@type":"SearchAction","target":{"@type":"EntryPoint","urlTemplate":"https:\/\/graneromoving.com\/?s={search_term_string}"},"query-input":{"@type":"PropertyValueSpecification","valueRequired":true,"valueName":"search_term_string"}}],"inLanguage":"pt-BR"}]}},"_links":{"self":[{"href":"https:\/\/graneromoving.com\/pt\/wp-json\/wp\/v2\/pages\/590","targetHints":{"allow":["GET"]}}],"collection":[{"href":"https:\/\/graneromoving.com\/pt\/wp-json\/wp\/v2\/pages"}],"about":[{"href":"https:\/\/graneromoving.com\/pt\/wp-json\/wp\/v2\/types\/page"}],"author":[{"embeddable":true,"href":"https:\/\/graneromoving.com\/pt\/wp-json\/wp\/v2\/users\/7"}],"replies":[{"embeddable":true,"href":"https:\/\/graneromoving.com\/pt\/wp-json\/wp\/v2\/comments?post=590"}],"version-history":[{"count":16,"href":"https:\/\/graneromoving.com\/pt\/wp-json\/wp\/v2\/pages\/590\/revisions"}],"predecessor-version":[{"id":7536,"href":"https:\/\/graneromoving.com\/pt\/wp-json\/wp\/v2\/pages\/590\/revisions\/7536"}],"wp:attachment":[{"href":"https:\/\/graneromoving.com\/pt\/wp-json\/wp\/v2\/media?parent=590"}],"curies":[{"name":"wp","href":"https:\/\/api.w.org\/{rel}","templated":true}]}}