{"id":75,"date":"2020-04-26T14:58:59","date_gmt":"2020-04-26T14:58:59","guid":{"rendered":"https:\/\/graneromoving.com\/?page_id=75"},"modified":"2024-03-04T15:08:20","modified_gmt":"2024-03-04T20:08:20","slug":"secure-storage","status":"publish","type":"page","link":"https:\/\/graneromoving.com\/pt\/secure-storage\/","title":{"rendered":"USA Storage | Granero Moving"},"content":{"rendered":"<div class=\"wpb-content-wrapper\"><div data-vc-full-width=\"true\" data-vc-full-width-init=\"false\" data-vc-stretch-content=\"true\" data-vc-parallax=\"1.5\" data-vc-parallax-image=\"https:\/\/graneromoving.com\/wp-content\/uploads\/2020\/05\/map-miami.jpg.png\" class=\"vc_row wpb_row vc_row-fluid vc_row-has-fill vc_row-no-padding vc_general vc_parallax vc_parallax-content-moving\"><div class=\"wpb_column vc_column_container vc_col-sm-12\"><div class=\"vc_column-inner\"><div class=\"wpb_wrapper\"><div class=\"vc_empty_space\"   style=\"height: 32px\"><span class=\"vc_empty_space_inner\"><\/span><\/div>\n\t<div class=\"wpb_text_column wpb_content_element\" >\n\t\t<div class=\"wpb_wrapper\">\n\t\t\t<h4 style=\"text-align: center;\">Armazenamento Seguro<\/h4>\n\n\t\t<\/div>\n\t<\/div>\n<div class=\"vc_empty_space\"   style=\"height: 32px\"><span class=\"vc_empty_space_inner\"><\/span><\/div><\/div><\/div><\/div><\/div><div class=\"vc_row-full-width vc_clearfix\"><\/div><!-- Row Backgrounds --><div class=\"upb_color\" data-bg-override=\"0\" data-bg-color=\"rgba(0,0,0,0.6)\" data-fadeout=\"\" data-fadeout-percentage=\"30\" data-parallax-content=\"\" data-parallax-content-sense=\"30\" data-row-effect-mobile-disable=\"true\" data-img-parallax-mobile-disable=\"true\" data-rtl=\"false\"  data-custom-vc-row=\"\"  data-vc=\"8.7.2\"  data-is_old_vc=\"\"  data-theme-support=\"\"   data-overlay=\"false\" data-overlay-color=\"\" data-overlay-pattern=\"\" data-overlay-pattern-opacity=\"\" data-overlay-pattern-size=\"\"    ><\/div><div class=\"vc_row wpb_row vc_row-fluid vc_custom_1594427375443\"><div class=\"wpb_column vc_column_container vc_col-sm-12\"><div class=\"vc_column-inner\"><div class=\"wpb_wrapper\">\n\t<div class=\"wpb_text_column wpb_content_element\" >\n\t\t<div class=\"wpb_wrapper\">\n\t\t\t<p style=\"text-align: center;\"><strong style=\"font-size: 24px;\">A Granero Moving oferece armazenamento seguro e credenciado em apoio \u00e0s nossas atividades de mudan\u00e7as residenciais, mudan\u00e7as comerciais e servi\u00e7os de log\u00edstica. \u00a0<\/strong><\/p>\n\n\t\t<\/div>\n\t<\/div>\n<\/div><\/div><\/div><\/div><div class=\"vc_row wpb_row vc_row-fluid\"><div class=\"wpb_column vc_column_container vc_col-sm-6\"><div class=\"vc_column-inner\"><div class=\"wpb_wrapper\">\n\t<div class=\"wpb_text_column wpb_content_element vc_custom_1709582659602\" >\n\t\t<div class=\"wpb_wrapper\">\n\t\t\t<h2>Storage services in Fort-Lauderdale, Seattle, Portland, Boise, Las Vegas, San Francisco, Los Angeles and San Diego.<\/h2>\n<p>As instala\u00e7\u00f5es de estocagem e armazenamento da Granero Moving s\u00e3o limpas e secas, e contam com avan\u00e7ados sistemas de seguran\u00e7a e prote\u00e7\u00e3o contra riscos e danos como roubo, inc\u00eandio, e pragas.<\/p>\n<p style=\"text-align: left;\"><span>For Home Moving customers, the safety and security of your valued possessions is our priority, whether in transit or stored for a longer period. \u00a0We provide our customers with a range of competitively priced storage options to meet your requirements. Whether you need storage while moving overseas, looking for a new home or simply want to make more space in your current home \u2013 Granero Moving has a solution.<\/span><\/p>\n<div class=\"wpb_text_column wpb_content_element\">\n<div class=\"wpb_wrapper\">\n<p><span>Para nossos clientes de Mudan\u00e7as Comerciais, oferecemos servi\u00e7os de armazenamento de registros e documentos e de cust\u00f3dia de componentes de esta\u00e7\u00f5es de trabalho e equipamentos para escrit\u00f3rios at\u00e9 que voc\u00ea precise deles, e oferecemos servi\u00e7os de controle total de ativos e invent\u00e1rios.<\/span><\/p>\n<p>Our Logistics warehousing provides elevated docks, racking, shelving, open space, and bar-coding to deliver a streamlined supply chain process.\u00a0 Ideally located to major highways, and close to major port and airport connections, Granero Moving has the warehousing capabilities to handle distribution, supply logistics, and interstate shipping.<\/p>\n<\/div>\n<\/div>\n\n\t\t<\/div>\n\t<\/div>\n<div class=\"vc_row wpb_row vc_inner vc_row-fluid vc_custom_1589494097119\"><div class=\"wpb_column vc_column_container vc_col-sm-12\"><div class=\"vc_column-inner\"><div class=\"wpb_wrapper\"><div class=\"load-more\">    \r\n <div  style=\"text-align:left\">\r\n    <a href=\"https:\/\/graneromoving.com\/pt\/moving-services-contact-us\/\" class=\"button    type2\">\r\n   <span>\r\n    <span>Solicite uma Cota\u00e7\u00e3o Gr\u00e1tis<\/span>\r\n    <span>Solicite uma Cota\u00e7\u00e3o Gr\u00e1tis<\/span>\r\n   <\/span>\r\n  <\/a>\r\n <\/div>\r\n<\/div>\n<\/div><\/div><\/div><\/div><div class=\"vc_empty_space\"   style=\"height: 60px\"><span class=\"vc_empty_space_inner\"><\/span><\/div><\/div><\/div><\/div><div class=\"wpb_column vc_column_container vc_col-sm-6\"><div class=\"vc_column-inner\"><div class=\"wpb_wrapper\">\r\n\r\n\t\t\t<div class=\"wpb_single_image wpb_content_element vc_align_left\">\r\n\t\t\t\t\r\n\t\t\t\t\t<figure class=\"wpb_wrapper vc_figure item_img\">\r\n\t\t\t\t\t\t<div class=\"vc_single_image-wrapper   vc_box_border_grey\"><img loading=\"lazy\" decoding=\"async\" width=\"1308\" height=\"899\" src=\"https:\/\/graneromoving.com\/wp-content\/uploads\/2020\/05\/secure-storage.jpg\" class=\"vc_single_image-img attachment-full\" alt=\"\" title=\"secure-storage\" \/><\/div>\r\n\t\t\t\t\t<\/figure>\r\n\t\t\t<\/div>\r\n<\/div><\/div><\/div><\/div>\n<\/div>","protected":false},"excerpt":{"rendered":"Secure Storage Granero Moving offers secure and licensed warehousing to support our home moving, office moving, and logistics activities. \u00a0 Storage services in Fort-Lauderdale, Seattle, Portland, Boise, Las Vegas, San Francisco, Los Angeles and San Diego. Granero Moving warehousing and storage facilities are clean, dry, and feature advanced security and hazard-protection systems to guard against.","protected":false},"author":7,"featured_media":0,"parent":0,"menu_order":0,"comment_status":"closed","ping_status":"closed","template":"","meta":{"_joinchat":[],"footnotes":""},"class_list":["post-75","page","type-page","status-publish","hentry"],"yoast_head":"<!-- This site is optimized with the Yoast SEO plugin v27.4 - https:\/\/yoast.com\/product\/yoast-seo-wordpress\/ -->\n<title>Secure &amp; Licensed Warehousing | Storage | Granero Moving<\/title>\n<meta name=\"description\" content=\"Granero Moving offers secure storage &amp; licensed warehousing to support our home moving, office moving, and logistics activities. Call us!\" \/>\n<meta name=\"robots\" content=\"index, follow, max-snippet:-1, max-image-preview:large, max-video-preview:-1\" \/>\n<link rel=\"canonical\" href=\"https:\/\/graneromoving.com\/pt\/secure-storage\/\" \/>\n<meta property=\"og:locale\" content=\"pt_BR\" \/>\n<meta property=\"og:type\" content=\"article\" \/>\n<meta property=\"og:title\" content=\"Secure &amp; Licensed Warehousing | Storage | Granero Moving\" \/>\n<meta property=\"og:description\" content=\"Granero Moving offers secure storage &amp; licensed warehousing to support our home moving, office moving, and logistics activities. Call us!\" \/>\n<meta property=\"og:url\" content=\"https:\/\/graneromoving.com\/pt\/secure-storage\/\" \/>\n<meta property=\"og:site_name\" content=\"Granero Moving\" \/>\n<meta property=\"article:modified_time\" content=\"2024-03-04T20:08:20+00:00\" \/>\n<meta name=\"twitter:card\" content=\"summary_large_image\" \/>\n<meta name=\"twitter:label1\" content=\"Est. tempo de leitura\" \/>\n\t<meta name=\"twitter:data1\" content=\"2 minutos\" \/>\n<script type=\"application\/ld+json\" class=\"yoast-schema-graph\">{\"@context\":\"https:\\\/\\\/schema.org\",\"@graph\":[{\"@type\":\"WebPage\",\"@id\":\"https:\\\/\\\/graneromoving.com\\\/secure-storage\\\/\",\"url\":\"https:\\\/\\\/graneromoving.com\\\/secure-storage\\\/\",\"name\":\"Secure & Licensed Warehousing | Storage | Granero Moving\",\"isPartOf\":{\"@id\":\"https:\\\/\\\/graneromoving.com\\\/#website\"},\"datePublished\":\"2020-04-26T14:58:59+00:00\",\"dateModified\":\"2024-03-04T20:08:20+00:00\",\"description\":\"Granero Moving offers secure storage & licensed warehousing to support our home moving, office moving, and logistics activities. Call us!\",\"breadcrumb\":{\"@id\":\"https:\\\/\\\/graneromoving.com\\\/secure-storage\\\/#breadcrumb\"},\"inLanguage\":\"pt-BR\",\"potentialAction\":[{\"@type\":\"ReadAction\",\"target\":[\"https:\\\/\\\/graneromoving.com\\\/secure-storage\\\/\"]}]},{\"@type\":\"BreadcrumbList\",\"@id\":\"https:\\\/\\\/graneromoving.com\\\/secure-storage\\\/#breadcrumb\",\"itemListElement\":[{\"@type\":\"ListItem\",\"position\":1,\"name\":\"Home\",\"item\":\"https:\\\/\\\/graneromoving.com\\\/\"},{\"@type\":\"ListItem\",\"position\":2,\"name\":\"USA Storage | Granero Moving\"}]},{\"@type\":\"WebSite\",\"@id\":\"https:\\\/\\\/graneromoving.com\\\/#website\",\"url\":\"https:\\\/\\\/graneromoving.com\\\/\",\"name\":\"Granero Moving\",\"description\":\"Quality Services in Seattle and South Florida\",\"potentialAction\":[{\"@type\":\"SearchAction\",\"target\":{\"@type\":\"EntryPoint\",\"urlTemplate\":\"https:\\\/\\\/graneromoving.com\\\/?s={search_term_string}\"},\"query-input\":{\"@type\":\"PropertyValueSpecification\",\"valueRequired\":true,\"valueName\":\"search_term_string\"}}],\"inLanguage\":\"pt-BR\"}]}<\/script>\n<!-- \/ Yoast SEO plugin. -->","yoast_head_json":{"title":"Secure & Licensed Warehousing | Storage | Granero Moving","description":"Granero Moving offers secure storage & licensed warehousing to support our home moving, office moving, and logistics activities. Call us!","robots":{"index":"index","follow":"follow","max-snippet":"max-snippet:-1","max-image-preview":"max-image-preview:large","max-video-preview":"max-video-preview:-1"},"canonical":"https:\/\/graneromoving.com\/pt\/secure-storage\/","og_locale":"pt_BR","og_type":"article","og_title":"Secure & Licensed Warehousing | Storage | Granero Moving","og_description":"Granero Moving offers secure storage & licensed warehousing to support our home moving, office moving, and logistics activities. Call us!","og_url":"https:\/\/graneromoving.com\/pt\/secure-storage\/","og_site_name":"Granero Moving","article_modified_time":"2024-03-04T20:08:20+00:00","twitter_card":"summary_large_image","twitter_misc":{"Est. tempo de leitura":"2 minutos"},"schema":{"@context":"https:\/\/schema.org","@graph":[{"@type":"WebPage","@id":"https:\/\/graneromoving.com\/secure-storage\/","url":"https:\/\/graneromoving.com\/secure-storage\/","name":"Secure & Licensed Warehousing | Storage | Granero Moving","isPartOf":{"@id":"https:\/\/graneromoving.com\/#website"},"datePublished":"2020-04-26T14:58:59+00:00","dateModified":"2024-03-04T20:08:20+00:00","description":"Granero Moving offers secure storage & licensed warehousing to support our home moving, office moving, and logistics activities. Call us!","breadcrumb":{"@id":"https:\/\/graneromoving.com\/secure-storage\/#breadcrumb"},"inLanguage":"pt-BR","potentialAction":[{"@type":"ReadAction","target":["https:\/\/graneromoving.com\/secure-storage\/"]}]},{"@type":"BreadcrumbList","@id":"https:\/\/graneromoving.com\/secure-storage\/#breadcrumb","itemListElement":[{"@type":"ListItem","position":1,"name":"Home","item":"https:\/\/graneromoving.com\/"},{"@type":"ListItem","position":2,"name":"USA Storage | Granero Moving"}]},{"@type":"WebSite","@id":"https:\/\/graneromoving.com\/#website","url":"https:\/\/graneromoving.com\/","name":"Granero Moving","description":"Quality Services in Seattle and South Florida","potentialAction":[{"@type":"SearchAction","target":{"@type":"EntryPoint","urlTemplate":"https:\/\/graneromoving.com\/?s={search_term_string}"},"query-input":{"@type":"PropertyValueSpecification","valueRequired":true,"valueName":"search_term_string"}}],"inLanguage":"pt-BR"}]}},"_links":{"self":[{"href":"https:\/\/graneromoving.com\/pt\/wp-json\/wp\/v2\/pages\/75","targetHints":{"allow":["GET"]}}],"collection":[{"href":"https:\/\/graneromoving.com\/pt\/wp-json\/wp\/v2\/pages"}],"about":[{"href":"https:\/\/graneromoving.com\/pt\/wp-json\/wp\/v2\/types\/page"}],"author":[{"embeddable":true,"href":"https:\/\/graneromoving.com\/pt\/wp-json\/wp\/v2\/users\/7"}],"replies":[{"embeddable":true,"href":"https:\/\/graneromoving.com\/pt\/wp-json\/wp\/v2\/comments?post=75"}],"version-history":[{"count":9,"href":"https:\/\/graneromoving.com\/pt\/wp-json\/wp\/v2\/pages\/75\/revisions"}],"predecessor-version":[{"id":7571,"href":"https:\/\/graneromoving.com\/pt\/wp-json\/wp\/v2\/pages\/75\/revisions\/7571"}],"wp:attachment":[{"href":"https:\/\/graneromoving.com\/pt\/wp-json\/wp\/v2\/media?parent=75"}],"curies":[{"name":"wp","href":"https:\/\/api.w.org\/{rel}","templated":true}]}}