{"id":7510,"date":"2024-03-01T11:57:34","date_gmt":"2024-03-01T16:57:34","guid":{"rendered":"https:\/\/graneromoving.com\/?page_id=7510"},"modified":"2024-04-17T15:35:30","modified_gmt":"2024-04-17T19:35:30","slug":"career-join-our-team","status":"publish","type":"page","link":"https:\/\/graneromoving.com\/pt\/carreira-junte-se-a-nossa-equipe\/","title":{"rendered":"Carreira na Granero Moving | Junte-se a nossa equipe"},"content":{"rendered":"<div class=\"wpb-content-wrapper\"><div class=\"vc_row wpb_row vc_row-fluid vc_custom_1588859847365\"><div class=\"wpb_column vc_column_container vc_col-sm-12\"><div class=\"vc_column-inner\"><div class=\"wpb_wrapper\">\n\t<div class=\"wpb_text_column wpb_content_element\" >\n\t\t<div class=\"wpb_wrapper\">\n\t\t\t<h1 style=\"text-align: center;\">Carreira na Granero Moving | Junte-se a nossa equipe<\/h1>\n\n\t\t<\/div>\n\t<\/div>\n\n\t<div class=\"wpb_text_column wpb_content_element\" >\n\t\t<div class=\"wpb_wrapper\">\n\t\t\t<p style=\"text-align: center;\"><strong style=\"font-size: 24px;\">We&#8217;re a thriving company, always on the lookout for new talents to join our dynamic team. Send us your Resume ato the following address: <a href=\"mailto:info@graneromoving.com\">info@graneromoving.com<\/a><\/strong><\/p>\n\n\t\t<\/div>\n\t<\/div>\n<\/div><\/div><\/div><\/div><div class=\"vc_row wpb_row vc_row-fluid vc_custom_1709308696786 vc_row-has-fill\"><div class=\"wpb_column vc_column_container vc_col-sm-6\"><div class=\"vc_column-inner\"><div class=\"wpb_wrapper\">\r\n\r\n\t\t\t<div class=\"wpb_single_image wpb_content_element vc_align_left\">\r\n\t\t\t\t\r\n\t\t\t\t\t<figure class=\"wpb_wrapper vc_figure item_img\">\r\n\t\t\t\t\t\t<div class=\"vc_single_image-wrapper   vc_box_border_grey\"><img loading=\"lazy\" decoding=\"async\" width=\"1200\" height=\"1200\" src=\"https:\/\/graneromoving.com\/wp-content\/uploads\/2024\/03\/job-granero-moving.jpg\" class=\"vc_single_image-img attachment-full\" alt=\"\" title=\"job-granero-moving\" \/><\/div>\r\n\t\t\t\t\t<\/figure>\r\n\t\t\t<\/div>\r\n<\/div><\/div><\/div><div class=\"wpb_column vc_column_container vc_col-sm-6\"><div class=\"vc_column-inner\"><div class=\"wpb_wrapper\">\n\t<div class=\"wpb_text_column wpb_content_element vc_custom_1709311759896\" >\n\t\t<div class=\"wpb_wrapper\">\n\t\t\t<h2>Junte-se \u00e0 equipe da Granero Moving<\/h2>\n<p>Welcome to Granero Moving, an international moving company based in the United States. Since our inception, we have established a reputation for excellence in the industry through our commitment to service quality and customer satisfaction. If you&#8217;re seeking a rewarding career in the field of international moving, Granero Moving is the perfect place for you.<\/p>\n<h2>Quem n\u00f3s somos<\/h2>\n<p>At Granero Moving, we&#8217;re more than just a moving company. We&#8217;re a team of dedicated professionals who are passionate about our craft and committed to providing exceptional services to our clients worldwide. We believe in quality, efficiency, and professionalism at every stage of the moving process, from initial planning to final delivery.<\/p>\n<h2>Nossos valores<\/h2>\n<ul>\n<li><strong>Integridade:<\/strong> Atuamos com honestidade, transpar\u00eancia e \u00e9tica em todas as nossas intera\u00e7\u00f5es, tanto com nossos clientes quanto com nossos colegas.<\/li>\n<li><strong>Excel\u00eancia:<\/strong> We strive for excellence in everything we do, constantly seeking ways to improve our services and exceed our clients&#8217; expectations.<\/li>\n<li><strong>Respeito:<\/strong> Respeitamos nossos clientes, colegas e parceiros de neg\u00f3cios, reconhecendo o valor da diversidade e promovendo um ambiente inclusivo e colaborativo.<\/li>\n<li><strong>Inova\u00e7\u00e3o:<\/strong> Estamos abertos \u00e0 mudan\u00e7a e \u00e0 inova\u00e7\u00e3o, abra\u00e7ando novas tecnologias e desenvolvendo solu\u00e7\u00f5es criativas para atender \u00e0s novas necessidades de nossos clientes.<\/li>\n<\/ul>\n<h2>Oportunidades de carreira<\/h2>\n<p>Como l\u00edder na ind\u00fastria de mudan\u00e7as internacionais, a Granero Moving oferece uma ampla gama de oportunidades de carreira interessantes nas seguintes \u00e1reas:<\/p>\n<ul>\n<li><strong>Atendimento ao Cliente:<\/strong> Fornecer um servi\u00e7o excepcional e assist\u00eancia personalizada aos nossos clientes durante toda a sua mudan\u00e7a.<\/li>\n<li><strong>Log\u00edstica:<\/strong> Gerenciar com efici\u00eancia o planejamento, coordena\u00e7\u00e3o e execu\u00e7\u00e3o de opera\u00e7\u00f5es de movimenta\u00e7\u00e3o em escala global.<\/li>\n<li><strong>Vendas e Marketing:<\/strong> Promover nossos servi\u00e7os, desenvolver novas oportunidades de neg\u00f3cios e construir relacionamentos s\u00f3lidos com nossos clientes e parceiros.<\/li>\n<li><strong>Gerenciamento de opera\u00e7\u00f5es:<\/strong> Supervisionar as opera\u00e7\u00f5es di\u00e1rias, otimizando processos e garantindo o cumprimento dos padr\u00f5es de qualidade e seguran\u00e7a.<\/li>\n<\/ul>\n<p>Na Granero Moving acreditamos na import\u00e2ncia do crescimento profissional e oferecemos aos nossos colaboradores oportunidades de desenvolvimento profissional e crescimento pessoal. Incentivamos a inova\u00e7\u00e3o, a colabora\u00e7\u00e3o e o trabalho em equipe e estamos comprometidos em fornecer um ambiente de trabalho inclusivo onde todos tenham a oportunidade de ter sucesso.<\/p>\n<h2>Junte-se a n\u00f3s!<\/h2>\n<p>If you&#8217;re passionate about the international moving industry and are looking for a dynamic company where you can showcase your skills and advance your career, we&#8217;d love to hear from you. Check out our current job openings and apply today to join the Granero Moving team and contribute to our ongoing success.<\/p>\n\n\t\t<\/div>\n\t<\/div>\n<\/div><\/div><\/div><\/div><div class=\"vc_row wpb_row vc_row-fluid vc_custom_1587939430019\"><div class=\"wpb_column vc_column_container vc_col-sm-12\"><div class=\"vc_column-inner\"><div class=\"wpb_wrapper\">\n\t<div class=\"wpb_text_column wpb_content_element\" >\n\t\t<div class=\"wpb_wrapper\">\n\t\t\t<h2>Procuramos regularmente novos colaboradores para os seguintes cargos:<\/h2>\n<h3><\/h3>\n<h3>Mudador<\/h3>\n<p>We&#8217;re seeking an individual who is physically fit, possesses strong communication skills, and thrives in team environments. Responsibilities encompass packing, loading, unloading, and unpacking clients&#8217; belongings. While prior experience in the moving industry is advantageous, it&#8217;s not mandatory.<\/p>\n<p>&nbsp;<\/p>\n<h3>Representante de vendas<\/h3>\n<p>As a Sales Representative, you&#8217;ll guide clients, handle quote requests, craft and present proposals, and foster new business opportunities. We seek a self-driven individual with exceptional communication and interpersonal abilities. Familiarity with international shipping regulations and customs is a plus.<\/p>\n<p>&nbsp;<\/p>\n<h3>Motorista<\/h3>\n<p>The ideal candidate will hold a valid driver&#8217;s license, maintain a clean driving record, and possess experience operating large moving trucks. Duties involve driving, supervising truck loading and unloading, and ensuring the secure transport of clients&#8217; possessions.<\/p>\n<p>&nbsp;<\/p>\n<h3>Coordenador de opera\u00e7\u00f5es<\/h3>\n<p>Essa fun\u00e7\u00e3o envolve a coordena\u00e7\u00e3o de todas as facetas das mudan\u00e7as internacionais e de longa dist\u00e2ncia, incluindo embalagem, transporte e procedimentos alfandeg\u00e1rios. Fortes habilidades de comunica\u00e7\u00e3o verbal e escrita s\u00e3o essenciais, juntamente com a capacidade de prosperar sob press\u00e3o.<\/p>\n<p>&nbsp;<\/p>\n<h3>Associado de armaz\u00e9m<\/h3>\n<p>As a Warehouse Associate, you&#8217;ll ensure smooth warehouse operations: receiving, storing, and shipping household goods, managing inventory, and upholding warehouse organization and cleanliness standards. Candidates should have prior warehouse experience and proficiency in operating equipment like forklifts and pallet jacks.<\/p>\n<h3>Agente Administrativo<\/h3>\n<p>We&#8217;re seeking an Administrative Agent with exceptional organizational skills, proficiency in MS Office, and the ability to work autonomously. Responsibilities include answering calls, scheduling appointments, filing, and general administrative tasks.<\/p>\n\n\t\t<\/div>\n\t<\/div>\n\n\t<div class=\"wpb_text_column wpb_content_element\" >\n\t\t<div class=\"wpb_wrapper\">\n\t\t\t<p style=\"text-align: center;\"><strong style=\"font-size: 24px;\">Inscreva-se hoje enviando seu curr\u00edculo<\/strong><\/p>\n\n\t\t<\/div>\n\t<\/div>\n<\/div><\/div><\/div><\/div><div class=\"vc_row wpb_row vc_row-fluid\"><div class=\"wpb_column vc_column_container vc_col-sm-12\"><div class=\"vc_column-inner\"><div class=\"wpb_wrapper\"><div class=\"vc_btn3-container vc_btn3-center vc_do_btn\" ><a class=\"vc_general vc_btn3 vc_btn3-size-md vc_btn3-shape-rounded vc_btn3-style-modern vc_btn3-color-blue\" href=\"mailto:info@graneromoving.com\" title=\"\" target=\"_blank\">Apply now<\/a><\/div><\/div><\/div><\/div><\/div>\n<\/div>","protected":false},"excerpt":{"rendered":"Career at Granero Moving | Join Our Team We're a thriving company, always on the lookout for new talents to join our dynamic team. Send us your Resume ato the following address: info@graneromoving.com Join the Team at Granero Moving Welcome to Granero Moving, an international moving company based in the United States. Since our inception,.","protected":false},"author":12,"featured_media":0,"parent":0,"menu_order":0,"comment_status":"closed","ping_status":"closed","template":"","meta":{"_joinchat":{"view":"no"},"footnotes":""},"class_list":["post-7510","page","type-page","status-publish","hentry"],"yoast_head":"<!-- This site is optimized with the Yoast SEO plugin v27.3 - https:\/\/yoast.com\/product\/yoast-seo-wordpress\/ -->\n<title>Career at Granero Moving | Join Our Team<\/title>\n<meta name=\"description\" content=\"We&#039;re proud to have a longstanding partnership with Formula Van Lines who has skilled movers and moving teams that specialize in various types of moves.\" \/>\n<meta name=\"robots\" content=\"index, follow, max-snippet:-1, max-image-preview:large, max-video-preview:-1\" \/>\n<link rel=\"canonical\" href=\"https:\/\/graneromoving.com\/pt\/career-join-our-team\/\" \/>\n<meta property=\"og:locale\" content=\"pt_BR\" \/>\n<meta property=\"og:type\" content=\"article\" \/>\n<meta property=\"og:title\" content=\"Career at Granero Moving | Join Our Team\" \/>\n<meta property=\"og:description\" content=\"We&#039;re proud to have a longstanding partnership with Formula Van Lines who has skilled movers and moving teams that specialize in various types of moves.\" \/>\n<meta property=\"og:url\" content=\"https:\/\/graneromoving.com\/pt\/career-join-our-team\/\" \/>\n<meta property=\"og:site_name\" content=\"Granero Moving\" \/>\n<meta property=\"article:modified_time\" content=\"2024-04-17T19:35:30+00:00\" \/>\n<meta name=\"twitter:card\" content=\"summary_large_image\" \/>\n<meta name=\"twitter:label1\" content=\"Est. tempo de leitura\" \/>\n\t<meta name=\"twitter:data1\" content=\"2 minutos\" \/>\n<script type=\"application\/ld+json\" class=\"yoast-schema-graph\">{\"@context\":\"https:\\\/\\\/schema.org\",\"@graph\":[{\"@type\":\"WebPage\",\"@id\":\"https:\\\/\\\/graneromoving.com\\\/career-join-our-team\\\/\",\"url\":\"https:\\\/\\\/graneromoving.com\\\/career-join-our-team\\\/\",\"name\":\"Career at Granero Moving | Join Our Team\",\"isPartOf\":{\"@id\":\"https:\\\/\\\/graneromoving.com\\\/#website\"},\"datePublished\":\"2024-03-01T16:57:34+00:00\",\"dateModified\":\"2024-04-17T19:35:30+00:00\",\"description\":\"We're proud to have a longstanding partnership with Formula Van Lines who has skilled movers and moving teams that specialize in various types of moves.\",\"breadcrumb\":{\"@id\":\"https:\\\/\\\/graneromoving.com\\\/career-join-our-team\\\/#breadcrumb\"},\"inLanguage\":\"pt-BR\",\"potentialAction\":[{\"@type\":\"ReadAction\",\"target\":[\"https:\\\/\\\/graneromoving.com\\\/career-join-our-team\\\/\"]}]},{\"@type\":\"BreadcrumbList\",\"@id\":\"https:\\\/\\\/graneromoving.com\\\/career-join-our-team\\\/#breadcrumb\",\"itemListElement\":[{\"@type\":\"ListItem\",\"position\":1,\"name\":\"Home\",\"item\":\"https:\\\/\\\/graneromoving.com\\\/\"},{\"@type\":\"ListItem\",\"position\":2,\"name\":\"Career at Granero Moving | Join Our Team\"}]},{\"@type\":\"WebSite\",\"@id\":\"https:\\\/\\\/graneromoving.com\\\/#website\",\"url\":\"https:\\\/\\\/graneromoving.com\\\/\",\"name\":\"Granero Moving\",\"description\":\"Quality Services in Seattle and South Florida\",\"potentialAction\":[{\"@type\":\"SearchAction\",\"target\":{\"@type\":\"EntryPoint\",\"urlTemplate\":\"https:\\\/\\\/graneromoving.com\\\/?s={search_term_string}\"},\"query-input\":{\"@type\":\"PropertyValueSpecification\",\"valueRequired\":true,\"valueName\":\"search_term_string\"}}],\"inLanguage\":\"pt-BR\"}]}<\/script>\n<!-- \/ Yoast SEO plugin. -->","yoast_head_json":{"title":"Carreira na Granero Moving | Junte-se a nossa equipe","description":"We're proud to have a longstanding partnership with Formula Van Lines who has skilled movers and moving teams that specialize in various types of moves.","robots":{"index":"index","follow":"follow","max-snippet":"max-snippet:-1","max-image-preview":"max-image-preview:large","max-video-preview":"max-video-preview:-1"},"canonical":"https:\/\/graneromoving.com\/pt\/career-join-our-team\/","og_locale":"pt_BR","og_type":"article","og_title":"Career at Granero Moving | Join Our Team","og_description":"We're proud to have a longstanding partnership with Formula Van Lines who has skilled movers and moving teams that specialize in various types of moves.","og_url":"https:\/\/graneromoving.com\/pt\/career-join-our-team\/","og_site_name":"Granero Moving","article_modified_time":"2024-04-17T19:35:30+00:00","twitter_card":"summary_large_image","twitter_misc":{"Est. tempo de leitura":"2 minutos"},"schema":{"@context":"https:\/\/schema.org","@graph":[{"@type":"WebPage","@id":"https:\/\/graneromoving.com\/career-join-our-team\/","url":"https:\/\/graneromoving.com\/career-join-our-team\/","name":"Carreira na Granero Moving | Junte-se a nossa equipe","isPartOf":{"@id":"https:\/\/graneromoving.com\/#website"},"datePublished":"2024-03-01T16:57:34+00:00","dateModified":"2024-04-17T19:35:30+00:00","description":"We're proud to have a longstanding partnership with Formula Van Lines who has skilled movers and moving teams that specialize in various types of moves.","breadcrumb":{"@id":"https:\/\/graneromoving.com\/career-join-our-team\/#breadcrumb"},"inLanguage":"pt-BR","potentialAction":[{"@type":"ReadAction","target":["https:\/\/graneromoving.com\/career-join-our-team\/"]}]},{"@type":"BreadcrumbList","@id":"https:\/\/graneromoving.com\/career-join-our-team\/#breadcrumb","itemListElement":[{"@type":"ListItem","position":1,"name":"Home","item":"https:\/\/graneromoving.com\/"},{"@type":"ListItem","position":2,"name":"Career at Granero Moving | Join Our Team"}]},{"@type":"WebSite","@id":"https:\/\/graneromoving.com\/#website","url":"https:\/\/graneromoving.com\/","name":"Granero Moving","description":"Quality Services in Seattle and South Florida","potentialAction":[{"@type":"SearchAction","target":{"@type":"EntryPoint","urlTemplate":"https:\/\/graneromoving.com\/?s={search_term_string}"},"query-input":{"@type":"PropertyValueSpecification","valueRequired":true,"valueName":"search_term_string"}}],"inLanguage":"pt-BR"}]}},"_links":{"self":[{"href":"https:\/\/graneromoving.com\/pt\/wp-json\/wp\/v2\/pages\/7510","targetHints":{"allow":["GET"]}}],"collection":[{"href":"https:\/\/graneromoving.com\/pt\/wp-json\/wp\/v2\/pages"}],"about":[{"href":"https:\/\/graneromoving.com\/pt\/wp-json\/wp\/v2\/types\/page"}],"author":[{"embeddable":true,"href":"https:\/\/graneromoving.com\/pt\/wp-json\/wp\/v2\/users\/12"}],"replies":[{"embeddable":true,"href":"https:\/\/graneromoving.com\/pt\/wp-json\/wp\/v2\/comments?post=7510"}],"version-history":[{"count":12,"href":"https:\/\/graneromoving.com\/pt\/wp-json\/wp\/v2\/pages\/7510\/revisions"}],"predecessor-version":[{"id":7524,"href":"https:\/\/graneromoving.com\/pt\/wp-json\/wp\/v2\/pages\/7510\/revisions\/7524"}],"wp:attachment":[{"href":"https:\/\/graneromoving.com\/pt\/wp-json\/wp\/v2\/media?parent=7510"}],"curies":[{"name":"wp","href":"https:\/\/api.w.org\/{rel}","templated":true}]}}