{"id":9884,"date":"2025-02-06T11:57:49","date_gmt":"2025-02-06T16:57:49","guid":{"rendered":"https:\/\/graneromoving.com\/?page_id=9884"},"modified":"2025-02-06T12:08:33","modified_gmt":"2025-02-06T17:08:33","slug":"how-to-prepare-for-packing-day","status":"publish","type":"page","link":"https:\/\/graneromoving.com\/pt\/how-to-prepare-for-packing-day\/","title":{"rendered":"Como se preparar para o dia da embalagem"},"content":{"rendered":"<figure class=\"wp-block-image size-large\"><img loading=\"lazy\" decoding=\"async\" width=\"1024\" height=\"576\" src=\"https:\/\/graneromoving.com\/wp-content\/uploads\/2025\/02\/moving-tips-1-1024x576.jpg\" alt=\"\" class=\"wp-image-9887\"\/><\/figure>\n\n\n\n<h2 class=\"wp-block-heading\"><strong>Prepara\u00e7\u00f5es Essenciais<\/strong><\/h2>\n\n\n\n<p>O Pack Day \u00e9 um dia muito importante e \u00e9 importante que o remetente prepare sua casa e fam\u00edlia para este evento. Para garantir uma embalagem r\u00e1pida e eficiente, o remetente deve tomar as seguintes medidas para se preparar:<\/p>\n\n\n\n<p><\/p>\n\n\n\n<h2 class=\"wp-block-heading\">Crian\u00e7as <\/h2>\n\n\n\n<p>\u00c9 recomendado que crian\u00e7as pequenas n\u00e3o estejam presentes durante os dias de embalagem e remo\u00e7\u00e3o. Se crian\u00e7as pequenas estiverem presentes, os remetentes s\u00e3o solicitados a fornecer supervis\u00e3o rigorosa.<\/p>\n\n\n\n<h2 class=\"wp-block-heading\">Animais de estima\u00e7\u00e3o<\/h2>\n\n\n\n<p>Se voc\u00ea tem animais de estima\u00e7\u00e3o, certifique-se de que eles ficar\u00e3o em um lugar separado e seguro. \u00c9 comum que os animais fiquem assustados e estressados \u200b\u200bcom o processo de mudan\u00e7a e acabem fugindo ou se escondendo dentro de m\u00f3veis ou caixas.<\/p>\n\n\n\n<h2 class=\"wp-block-heading\">Artigos para o lar <\/h2>\n\n\n\n<p>Para garantir uma embalagem eficiente e organizada, o remetente deve preparar todos os Household que gostaria de enviar. Bens Household para o Pre-Shipment, Main-Shipment e Storage Shipment devem ser claramente designados e prontos para serem embalados.<\/p>\n\n\n\n<h2 class=\"wp-block-heading\">Documentos importantes <\/h2>\n\n\n\n<p>O remetente \u00e9 respons\u00e1vel por coletar todos os documentos importantes e\/ou de viagem e coloc\u00e1-los em um local seguro e trancado, onde n\u00e3o possam ser embalados acidentalmente.<\/p>\n\n\n\n<h2 class=\"wp-block-heading\">Lixo, Res\u00edduos, Lixo<\/h2>\n\n\n\n<p>If shipping Trash or Rubbish Bins, the shipper is responsible to empty all trash and disposal bins and remove all contents. Please clean and sterilize all bins and remove any liquid or unsanitary residue.<\/p>\n\n\n\n<p>Lembre-se de verificar todas as latas de lixo, incluindo as da cozinha, garagem, \u00e1reas externas, quartos, escrit\u00f3rios e banheiros.<\/p>\n\n\n\n<h2 class=\"wp-block-heading\">Geladeiras e Freezers<\/h2>\n\n\n\n<p>Se estiver enviando refrigeradores ou freezers, o remetente \u00e9 respons\u00e1vel por esvaziar todo o conte\u00fado dos refrigeradores\/freezers 24-48 horas antes do in\u00edcio da embalagem. O refrigerador e os freezers devem ser desconectados e a porta deve ser deixada aberta durante a noite antes do in\u00edcio da embalagem.<\/p>\n\n\n\n<p>Todo o l\u00edquido deve ser drenado e o aparelho deve ser descongelado, limpo, esterilizado e seco antes de come\u00e7ar a ser embalado.<\/p>\n\n\n\n<h2 class=\"wp-block-heading\">M\u00e1quinas de lavar e secar<\/h2>\n\n\n\n<p>o Se estiver enviando lavadoras ou secadoras, o remetente \u00e9 respons\u00e1vel por esvaziar todo o conte\u00fado das lavadoras e secadoras 24-48 horas antes do in\u00edcio da embalagem. As lavadoras e secadoras devem ser desconectadas e as portas devem ser deixadas abertas durante a noite antes do in\u00edcio da embalagem e todo o l\u00edquido drenado.<\/p>\n\n\n\n<p>All washers and dryers should be cleaned, sterilized, and dried before packing begins.<\/p>\n\n\n\n<h2 class=\"wp-block-heading\">Grelhadores, Churrasqueiras, Fumadores<\/h2>\n\n\n\n<p>If shipping, Grills, BBQ\u2019s or Smokers, the shipper is responsible to disconnect from the fuel sources. The Grill, BBQ, or Smoker, should be thoroughly scrubbed and cleaned and any char removed from all surfaces and utensils. Pressurized fuel and or propane tanks are not permitted to be shipped.<\/p>\n\n\n\n<h2 class=\"wp-block-heading\">Equipamentos esportivos ao ar livre<\/h2>\n\n\n\n<p>Ao enviar equipamentos esportivos ao ar livre, o remetente \u00e9 respons\u00e1vel por preparar os itens lavando toda a terra, graxa, \u00f3leo ou res\u00edduos diretos, por exemplo, bicicletas e golfe.<\/p>\n\n\n\n<h2 class=\"wp-block-heading\">Cortadores de grama<\/h2>\n\n\n\n<p>Ao enviar um cortador de grama, o remetente \u00e9 respons\u00e1vel por lavar, limpar, secar e remover qualquer res\u00edduo de solo, \u00f3leo e graxa, al\u00e9m de drenar todas as linhas de combust\u00edvel.<\/p>\n\n\n\n<h2 class=\"wp-block-heading\">Computadores, Est\u00e9reo, Sistemas de Entretenimento Dom\u00e9stico<\/h2>\n\n\n\n<p>Ao enviar computadores, aparelhos de som, aparelhos de som e sistemas de entretenimento dom\u00e9stico, o remetente \u00e9 respons\u00e1vel por desconectar todos os cabos e componentes para que os itens possam ser embalados.<\/p>\n\n\n\n<h2 class=\"wp-block-heading\">Remover todos os itens proibidos<\/h2>\n\n\n\n<p>O remetente \u00e9 respons\u00e1vel por remover todos os itens proibidos.<\/p>\n\n\n\n<p>H\u00e1 uma s\u00e9rie de itens, como tanques de propano, latas de aerossol, l\u00edquidos inflam\u00e1veis, f\u00f3sforos, materiais corrosivos, produtos perec\u00edveis, tintas, latas de g\u00e1s, etc., que devem ser separados e descartados. N\u00e3o podemos mover esses itens.<\/p>\n\n\n\n<h2 class=\"wp-block-heading\">Itens de alto valor<\/h2>\n\n\n\n<p>Such as expensive bags, purses, furs, jewelry, watches are restricted and we recommend these items be carried with you on the plane. Please notify your coordinator if you have any high value items you\u00a0 want to include in the shipment.<\/p>\n\n\n\n<h2 class=\"wp-block-heading\">Bebidas alco\u00f3licas \/ alimentos \/ l\u00edquidos<\/h2>\n\n\n\n<p>Please make sure not to ask our team to pack LIQUOR \/ FOOD \/ LIQUIDS of any kind.\u00a0 Such items are banned in many countries and can cause delays in the clearance process, adding additional costs to your move.<\/p>\n\n\n\n<h2 class=\"wp-block-heading\">Medicamentos<\/h2>\n\n\n\n<p>Nenhum medicamento prescrito ou mesmo de venda livre pode ser enviado, devido a regulamenta\u00e7\u00f5es de diferentes pa\u00edses, o que pode causar atrasos no processo de libera\u00e7\u00e3o. Sugerimos que voc\u00ea os leve na bagagem.<\/p>\n\n\n\n<p>&nbsp;Nosso l\u00edder de equipe concluir\u00e1 um invent\u00e1rio extenso colocando um adesivo numerado e codificado por cores em cada caixa e artigo individual, incluindo anota\u00e7\u00f5es de marcas e condi\u00e7\u00f5es existentes, que voc\u00ea ser\u00e1 solicitado a reconhecer assinando. Sugerimos que voc\u00ea acompanhe o l\u00edder da equipe, pelo menos, durante o invent\u00e1rio dos itens com os quais voc\u00ea est\u00e1 mais preocupado. Isso pode incluir a sala de jantar, sala de estar, sala de fam\u00edlia, quarto principal, etc. Voc\u00ea receber\u00e1 uma c\u00f3pia deste invent\u00e1rio que confirmar\u00e1 o que voc\u00ea enviou conosco.<\/p>\n\n\n\n<p><\/p>","protected":false},"excerpt":{"rendered":"<p>Essential Preparations Pack Day is a very important day and it is important that the shipper prepare their home and family for this event. In order to ensure a swift and efficient packing the shipper should take the following steps to prepare: Children It is recommended that small children not be present during the packing.<\/p>","protected":false},"author":7,"featured_media":9885,"parent":0,"menu_order":0,"comment_status":"closed","ping_status":"closed","template":"","meta":{"_joinchat":[],"footnotes":""},"class_list":["post-9884","page","type-page","status-publish","has-post-thumbnail","hentry"],"yoast_head":"<!-- This site is optimized with the Yoast SEO plugin v27.6 - https:\/\/yoast.com\/product\/yoast-seo-wordpress\/ -->\n<title>How to Prepare for Packing Day - Granero Moving<\/title>\n<meta name=\"robots\" content=\"index, follow, max-snippet:-1, max-image-preview:large, max-video-preview:-1\" \/>\n<link rel=\"canonical\" href=\"https:\/\/graneromoving.com\/pt\/how-to-prepare-for-packing-day\/\" \/>\n<meta property=\"og:locale\" content=\"pt_BR\" \/>\n<meta property=\"og:type\" content=\"article\" \/>\n<meta property=\"og:title\" content=\"How to Prepare for Packing Day - Granero Moving\" \/>\n<meta property=\"og:description\" content=\"Essential Preparations Pack Day is a very important day and it is important that the shipper prepare their home and family for this event. In order to ensure a swift and efficient packing the shipper should take the following steps to prepare: Children It is recommended that small children not be present during the packing.\" \/>\n<meta property=\"og:url\" content=\"https:\/\/graneromoving.com\/pt\/how-to-prepare-for-packing-day\/\" \/>\n<meta property=\"og:site_name\" content=\"Granero Moving\" \/>\n<meta property=\"article:modified_time\" content=\"2025-02-06T17:08:33+00:00\" \/>\n<meta property=\"og:image\" content=\"https:\/\/graneromoving.com\/wp-content\/uploads\/2025\/02\/moving-tips.jpg\" \/>\n\t<meta property=\"og:image:width\" content=\"1366\" \/>\n\t<meta property=\"og:image:height\" content=\"768\" \/>\n\t<meta property=\"og:image:type\" content=\"image\/jpeg\" \/>\n<meta name=\"twitter:card\" content=\"summary_large_image\" \/>\n<meta name=\"twitter:label1\" content=\"Est. tempo de leitura\" \/>\n\t<meta name=\"twitter:data1\" content=\"4 minutos\" \/>\n<script type=\"application\/ld+json\" class=\"yoast-schema-graph\">{\"@context\":\"https:\\\/\\\/schema.org\",\"@graph\":[{\"@type\":\"WebPage\",\"@id\":\"https:\\\/\\\/graneromoving.com\\\/how-to-prepare-for-packing-day\\\/\",\"url\":\"https:\\\/\\\/graneromoving.com\\\/how-to-prepare-for-packing-day\\\/\",\"name\":\"How to Prepare for Packing Day - Granero Moving\",\"isPartOf\":{\"@id\":\"https:\\\/\\\/graneromoving.com\\\/#website\"},\"primaryImageOfPage\":{\"@id\":\"https:\\\/\\\/graneromoving.com\\\/how-to-prepare-for-packing-day\\\/#primaryimage\"},\"image\":{\"@id\":\"https:\\\/\\\/graneromoving.com\\\/how-to-prepare-for-packing-day\\\/#primaryimage\"},\"thumbnailUrl\":\"https:\\\/\\\/graneromoving.com\\\/wp-content\\\/uploads\\\/2025\\\/02\\\/moving-tips.jpg\",\"datePublished\":\"2025-02-06T16:57:49+00:00\",\"dateModified\":\"2025-02-06T17:08:33+00:00\",\"breadcrumb\":{\"@id\":\"https:\\\/\\\/graneromoving.com\\\/how-to-prepare-for-packing-day\\\/#breadcrumb\"},\"inLanguage\":\"pt-BR\",\"potentialAction\":[{\"@type\":\"ReadAction\",\"target\":[\"https:\\\/\\\/graneromoving.com\\\/how-to-prepare-for-packing-day\\\/\"]}]},{\"@type\":\"ImageObject\",\"inLanguage\":\"pt-BR\",\"@id\":\"https:\\\/\\\/graneromoving.com\\\/how-to-prepare-for-packing-day\\\/#primaryimage\",\"url\":\"https:\\\/\\\/graneromoving.com\\\/wp-content\\\/uploads\\\/2025\\\/02\\\/moving-tips.jpg\",\"contentUrl\":\"https:\\\/\\\/graneromoving.com\\\/wp-content\\\/uploads\\\/2025\\\/02\\\/moving-tips.jpg\",\"width\":1366,\"height\":768},{\"@type\":\"BreadcrumbList\",\"@id\":\"https:\\\/\\\/graneromoving.com\\\/how-to-prepare-for-packing-day\\\/#breadcrumb\",\"itemListElement\":[{\"@type\":\"ListItem\",\"position\":1,\"name\":\"Home\",\"item\":\"https:\\\/\\\/graneromoving.com\\\/\"},{\"@type\":\"ListItem\",\"position\":2,\"name\":\"How to Prepare for Packing Day\"}]},{\"@type\":\"WebSite\",\"@id\":\"https:\\\/\\\/graneromoving.com\\\/#website\",\"url\":\"https:\\\/\\\/graneromoving.com\\\/\",\"name\":\"Granero Moving\",\"description\":\"Quality Services in Seattle and South Florida\",\"potentialAction\":[{\"@type\":\"SearchAction\",\"target\":{\"@type\":\"EntryPoint\",\"urlTemplate\":\"https:\\\/\\\/graneromoving.com\\\/?s={search_term_string}\"},\"query-input\":{\"@type\":\"PropertyValueSpecification\",\"valueRequired\":true,\"valueName\":\"search_term_string\"}}],\"inLanguage\":\"pt-BR\"}]}<\/script>\n<!-- \/ Yoast SEO plugin. -->","yoast_head_json":{"title":"How to Prepare for Packing Day - Granero Moving","robots":{"index":"index","follow":"follow","max-snippet":"max-snippet:-1","max-image-preview":"max-image-preview:large","max-video-preview":"max-video-preview:-1"},"canonical":"https:\/\/graneromoving.com\/pt\/how-to-prepare-for-packing-day\/","og_locale":"pt_BR","og_type":"article","og_title":"How to Prepare for Packing Day - Granero Moving","og_description":"Essential Preparations Pack Day is a very important day and it is important that the shipper prepare their home and family for this event. In order to ensure a swift and efficient packing the shipper should take the following steps to prepare: Children It is recommended that small children not be present during the packing.","og_url":"https:\/\/graneromoving.com\/pt\/how-to-prepare-for-packing-day\/","og_site_name":"Granero Moving","article_modified_time":"2025-02-06T17:08:33+00:00","og_image":[{"width":1366,"height":768,"url":"https:\/\/graneromoving.com\/wp-content\/uploads\/2025\/02\/moving-tips.jpg","type":"image\/jpeg"}],"twitter_card":"summary_large_image","twitter_misc":{"Est. tempo de leitura":"4 minutos"},"schema":{"@context":"https:\/\/schema.org","@graph":[{"@type":"WebPage","@id":"https:\/\/graneromoving.com\/how-to-prepare-for-packing-day\/","url":"https:\/\/graneromoving.com\/how-to-prepare-for-packing-day\/","name":"How to Prepare for Packing Day - Granero Moving","isPartOf":{"@id":"https:\/\/graneromoving.com\/#website"},"primaryImageOfPage":{"@id":"https:\/\/graneromoving.com\/how-to-prepare-for-packing-day\/#primaryimage"},"image":{"@id":"https:\/\/graneromoving.com\/how-to-prepare-for-packing-day\/#primaryimage"},"thumbnailUrl":"https:\/\/graneromoving.com\/wp-content\/uploads\/2025\/02\/moving-tips.jpg","datePublished":"2025-02-06T16:57:49+00:00","dateModified":"2025-02-06T17:08:33+00:00","breadcrumb":{"@id":"https:\/\/graneromoving.com\/how-to-prepare-for-packing-day\/#breadcrumb"},"inLanguage":"pt-BR","potentialAction":[{"@type":"ReadAction","target":["https:\/\/graneromoving.com\/how-to-prepare-for-packing-day\/"]}]},{"@type":"ImageObject","inLanguage":"pt-BR","@id":"https:\/\/graneromoving.com\/how-to-prepare-for-packing-day\/#primaryimage","url":"https:\/\/graneromoving.com\/wp-content\/uploads\/2025\/02\/moving-tips.jpg","contentUrl":"https:\/\/graneromoving.com\/wp-content\/uploads\/2025\/02\/moving-tips.jpg","width":1366,"height":768},{"@type":"BreadcrumbList","@id":"https:\/\/graneromoving.com\/how-to-prepare-for-packing-day\/#breadcrumb","itemListElement":[{"@type":"ListItem","position":1,"name":"Home","item":"https:\/\/graneromoving.com\/"},{"@type":"ListItem","position":2,"name":"How to Prepare for Packing Day"}]},{"@type":"WebSite","@id":"https:\/\/graneromoving.com\/#website","url":"https:\/\/graneromoving.com\/","name":"Granero Moving","description":"Quality Services in Seattle and South Florida","potentialAction":[{"@type":"SearchAction","target":{"@type":"EntryPoint","urlTemplate":"https:\/\/graneromoving.com\/?s={search_term_string}"},"query-input":{"@type":"PropertyValueSpecification","valueRequired":true,"valueName":"search_term_string"}}],"inLanguage":"pt-BR"}]}},"_links":{"self":[{"href":"https:\/\/graneromoving.com\/pt\/wp-json\/wp\/v2\/pages\/9884","targetHints":{"allow":["GET"]}}],"collection":[{"href":"https:\/\/graneromoving.com\/pt\/wp-json\/wp\/v2\/pages"}],"about":[{"href":"https:\/\/graneromoving.com\/pt\/wp-json\/wp\/v2\/types\/page"}],"author":[{"embeddable":true,"href":"https:\/\/graneromoving.com\/pt\/wp-json\/wp\/v2\/users\/7"}],"replies":[{"embeddable":true,"href":"https:\/\/graneromoving.com\/pt\/wp-json\/wp\/v2\/comments?post=9884"}],"version-history":[{"count":7,"href":"https:\/\/graneromoving.com\/pt\/wp-json\/wp\/v2\/pages\/9884\/revisions"}],"predecessor-version":[{"id":9896,"href":"https:\/\/graneromoving.com\/pt\/wp-json\/wp\/v2\/pages\/9884\/revisions\/9896"}],"wp:featuredmedia":[{"embeddable":true,"href":"https:\/\/graneromoving.com\/pt\/wp-json\/wp\/v2\/media\/9885"}],"wp:attachment":[{"href":"https:\/\/graneromoving.com\/pt\/wp-json\/wp\/v2\/media?parent=9884"}],"curies":[{"name":"wp","href":"https:\/\/api.w.org\/{rel}","templated":true}]}}